{"id":81,"date":"2018-12-11T10:15:32","date_gmt":"2018-12-11T09:15:32","guid":{"rendered":"http:\/\/grundschule-zell.eu\/online\/?page_id=81"},"modified":"2019-05-08T16:26:32","modified_gmt":"2019-05-08T14:26:32","slug":"datenschutz","status":"publish","type":"page","link":"https:\/\/grundschule-zell.eu\/online\/datenschutz\/","title":{"rendered":"Datenschutz"},"content":{"rendered":"<p>Kontaktdaten der Datenschutzbeauftragten der verantwortlichen Stelle<\/p>\n<p>Zentraler Datenschutzbeauftragter der Aufsichts- und Dienstleistungsdirektion (ADD)<\/p>\n<p>I. Name und Anschrift des Verantwortlichen<\/p>\n<p>Der Verantwortliche im Sinne der Datenschutz-Grundverordnung, des Bundesdatenschutzgesetzes und des rheinland-pf\u00e4lzischen Landesdatenschutzgesetzes sowie sonstiger datenschutzrechtlicher Bestimmungen ist die<\/p>\n<p>Aufsichts- und Dienstleistungsdirektion (ADD)<\/p>\n<p>Willy-Brandt-Platz 3<br \/>\n54290 Trier<br \/>\nDeutschland<br \/>\nTel.: +49 (651) 9494-0<br \/>\nE-Mail: poststelle(at)add.rlp.de<br \/>\nWebsite: www.add.rlp.de<br \/>\nII. Name und Anschrift des Datenschutzbeauftragten<br \/>\nDer Datenschutzbeauftragte des Verantwortlichen ist:<br \/>\nJoachim Hilgert<br \/>\nAufsichts- und Dienstleistungsdirektion (ADD)<br \/>\nWilly-Brandt-Platz 3<br \/>\n54290 Trier<br \/>\nDeutschland<br \/>\nE-Mail: Datenschutz(at)add.rlp.de<br \/>\nWebsite: www.add.rlp.de<\/p>\n<p>Geltungsbereich<br \/>\nDiese Datenschutzerkl\u00e4rung gilt f\u00fcr das Internet-Angebot www.gs-metternich-oberdorf.de der Grundschule Metternich-Oberdorf in Koblenz und die dort angebotenen eigenen Inhalte. F\u00fcr Inhalte anderer Anbieter, auf die z.B. \u00fcber Links verwiesen wird, gelten die dortigen Bestimmungen. Insbesondere sind diese gem\u00e4\u00df \u00a7 7 Abs. 1 Telemediengesetz (TMG) f\u00fcr eigene Inhalte verantwortlich. Die Weiterleitung zu einem anderen Anbieter wird in unserem Angebot durch das nachfolgende Symbol vor dem entsprechenden Link kenntlich gemacht: (K\u00e4stchen mit nach au\u00dfen weisendem Pfeil)<\/p>\n<p>Bei der Technik haben wir Hilfe Dieses Internet-Angebot wird von der Firma 1&amp;1 IONOS SE (MONTABAUR) als technischem Dienstleister vorgehalten. Die dortige Verarbeitung von Nutzungsdaten erfolgt in unserem Auftrag und nach unseren Vorgaben.<br \/>\nWas wissen wir \u00fcber Ihre Zugriffe auf unser Angebot?<br \/>\nBeim Zugriff auf das Internet-Angebot werden die folgenden Angaben in einer Protokolldatei auf dem Web- bzw. Anwendungsserver der Firma &amp;1 IONOS SE gespeichert:<br \/>\nIP-Adresse des Computers, von dem die Anfrage abgeschickt wurde, in anonymisierter (verk\u00fcrzter) Form,<br \/>\nBrowser-Informationen (genutzter Web-Browser, Betriebssystem, Spracheinstellung, etc.), Angaben \u00fcber den genutzten Serverdienst, Protokollversion, Name der abgerufenen Datei bzw. Angebotsseite (URL), Datum und Uhrzeit des Zugriffs<br \/>\n\u00fcbertragene Datenmengen, Statusangaben (z.B. Fehlermeldungen)<\/p>\n<p>Diese Informationen werden f\u00fcr statistische Zwecke genutzt. Die Internet-Adresse des von Ihnen genutzten Endger\u00e4ts wird dabei nach kurzer Zeit anonymisiert, indem das letzte Byte \u00fcberschieben wird (z.B. 83.243.48.xxx). Es wird kein personenbezogenes Nutzungsprofil erstellt, die Daten werden nicht an Dritte weitergegeben und nach Ablauf von 7 Tagen durch die Firma Strato AG gel\u00f6scht.<\/p>\n<p>Wir wollen wissen, wer unser Angebot st\u00f6rt oder angreift<br \/>\nZum Schutz vor Angriffen und zur Sicherstellung eines ordnungsgem\u00e4\u00dfen Betriebs werden die Zugriffe auf das Internet-Angebot mit der vollst\u00e4ndigen IP-Adresse vor\u00fcbergehend und zugriffsgesch\u00fctzt auf einem Sicherheitssystem (Firewall) automatisiert durch die Firma Strato AG auf m\u00f6gliche Risiken hin analysiert und f\u00fcr maximal sieben Tage gespeichert. Ausgenommen hiervon sind Daten \u00fcber Zugriffe, die f\u00fcr die weitere Verfolgung von Angriffen und St\u00f6rungen erforderlich sind.<\/p>\n<p>Cookies<br \/>\nBeim Aufruf Internet-Angebotes www.grundschule-zell.eu werden keine Cookies verwendet.<br \/>\nBei der Nutzung fremder Inhalte \u00fcber WWW.GRUNDSCHULE-ZELL.EU z.B. im Fall einer Verlinkung k\u00f6nnen gegebenenfalls Cookies von Drittanbietern zum Einsatz kommen, ohne dass wir Sie ausdr\u00fccklich darauf hinweisen k\u00f6nnen. Die g\u00e4ngigen Browser erlauben es, die Verarbeitung solcher Cookies festzulegen, so dass Sie das Speichern dieser Cookies deaktivieren bzw. die Art der Verarbeitung durch Ihren Browser einstellen oder diese Cookies l\u00f6schen k\u00f6nnen (Hinweise zum Umgang mit Cookies siehe https:\/\/www.verbraucher-sicher-online.de\/thema\/cookies).<\/p>\n<p>Weiterleitung zu einem anderen Anbieter<br \/>\nSoweit aus unserem Angebot zu Inhalten anderer Anbieter verlinkt wird, ist dies anhand eines entsprechenden Symbols (K\u00e4stchen mit nach au\u00dfen weisendem Pfeil) oder eines Texthinweises erkennbar. Die Nutzung dieser Angebote unterliegt gegebenenfalls anderen Bedingungen als in dieser Datenschutzerkl\u00e4rung beschrieben.<\/p>\n<p>Nutzung des Angebots ohne JavaScript<br \/>\nWenn Sie in Ihrem Browser JavaScript deaktiviert haben, k\u00f6nnen Sie bestimmte Inhalte nicht nutzen (z.B. Bilder-Galerien oder Videos) und es werden Ihnen auch bestimmte Hinweise, z.B. der o.g. Cookie-Hinweis, nicht angezeigt. \u00dcber Erweiterungen wie etwa NoScript k\u00f6nnen Sie JavaScript f\u00fcr bestimmte Seiten zulassen.<br \/>\nSoweit die Formulare Pflichtfelder enthalten, sind dies im Einzelfall gekennzeichnet und erl\u00e4utert. (Kommt auf den (weiteren) Einsatz des Kontaktformulares an)<\/p>\n<p>Minderj\u00e4hrigenschutz<br \/>\nKinder und Personen unter 18 Jahren sollten ohne Zustimmung der Eltern oder Erziehungsberechtigten keine personenbezogenen Daten an uns \u00fcbermitteln. Wir fordern keine personenbezogenen Daten von Kindern an, sammeln diese nicht und geben sie nicht an Dritte weiter.<br \/>\n(Kommt auf den (weiteren) Einsatz des Kontaktformulares an)<\/p>\n<p>Auskunftsrecht<br \/>\nDa wir nur im vorstehend geschilderten Umfang Daten von Ihnen und \u00fcber Sie erheben, liegen uns aus der Nutzung unseres Angebots nur dann Informationen zu Ihrer Person vor, wenn Sie sich \u00fcber die Online-Services an uns gewandt und dabei entsprechende Angaben gemacht haben. Auskunftsrechte hierzu k\u00f6nnen schriftlich oder per E-Mail uns gegen\u00fcber (siehe Impressum) geltend gemacht werden. Dies gilt auch f\u00fcr Widerspr\u00fcche zu einer erteilten Einwilligungserkl\u00e4rung. Hinweise zur Verantwortung f\u00fcr die bereitgestellten Inhalte finden Sie im Impressum.<\/p>\n","protected":false},"excerpt":{"rendered":"<p>Kontaktdaten der Datenschutzbeauftragten der verantwortlichen Stelle Zentraler Datenschutzbeauftragter der Aufsichts- und Dienstleistungsdirektion (ADD) I. Name und Anschrift des Verantwortlichen Der Verantwortliche im Sinne der Datenschutz-Grundverordnung, des Bundesdatenschutzgesetzes und des rheinland-pf\u00e4lzischen Landesdatenschutzgesetzes sowie sonstiger datenschutzrechtlicher Bestimmungen ist die Aufsichts- und Dienstleistungsdirektion (ADD) Willy-Brandt-Platz 3 54290 Trier Deutschland Tel.: +49 (651) 9494-0 E-Mail: poststelle(at)add.rlp.de Website: www.add.rlp.de II. &hellip; <\/p>\n<p class=\"link-more\"><a href=\"https:\/\/grundschule-zell.eu\/online\/datenschutz\/\" class=\"more-link\"><span class=\"screen-reader-text\">\u201eDatenschutz\u201c<\/span> weiterlesen<\/a><\/p>\n","protected":false},"author":1,"featured_media":0,"parent":0,"menu_order":0,"comment_status":"closed","ping_status":"closed","template":"","meta":{"footnotes":""},"class_list":["post-81","page","type-page","status-publish","hentry"],"jetpack_sharing_enabled":true,"_links":{"self":[{"href":"https:\/\/grundschule-zell.eu\/online\/wp-json\/wp\/v2\/pages\/81","targetHints":{"allow":["GET"]}}],"collection":[{"href":"https:\/\/grundschule-zell.eu\/online\/wp-json\/wp\/v2\/pages"}],"about":[{"href":"https:\/\/grundschule-zell.eu\/online\/wp-json\/wp\/v2\/types\/page"}],"author":[{"embeddable":true,"href":"https:\/\/grundschule-zell.eu\/online\/wp-json\/wp\/v2\/users\/1"}],"replies":[{"embeddable":true,"href":"https:\/\/grundschule-zell.eu\/online\/wp-json\/wp\/v2\/comments?post=81"}],"version-history":[{"count":4,"href":"https:\/\/grundschule-zell.eu\/online\/wp-json\/wp\/v2\/pages\/81\/revisions"}],"predecessor-version":[{"id":321,"href":"https:\/\/grundschule-zell.eu\/online\/wp-json\/wp\/v2\/pages\/81\/revisions\/321"}],"wp:attachment":[{"href":"https:\/\/grundschule-zell.eu\/online\/wp-json\/wp\/v2\/media?parent=81"}],"curies":[{"name":"wp","href":"https:\/\/api.w.org\/{rel}","templated":true}]}}