{"id":75,"date":"2018-12-11T10:14:54","date_gmt":"2018-12-11T09:14:54","guid":{"rendered":"http:\/\/grundschule-zell.eu\/online\/?page_id=75"},"modified":"2020-07-30T22:56:51","modified_gmt":"2020-07-30T20:56:51","slug":"mitglied-werden","status":"publish","type":"page","link":"https:\/\/grundschule-zell.eu\/online\/mitglied-werden\/","title":{"rendered":"Mitglied werden"},"content":{"rendered":"\n<p>Wie jeder Verein lebt auch der &#8222;<strong>F\u00f6rderverein Boos-von-Waldeck-Grundschule Zell(Mosel) e.V.<\/strong>&#8220; von der Unterst\u00fctzung der Mitglieder.&nbsp; Wenn Sie Vereinsmitglied werden m\u00f6chten um die Grundschule Zell durch Mithilfe im Verein oder auch finanziell zu unterst\u00fctzen finden Sie nachstehend die Vereinsunterlagen sowie einen Mitgliedsantrag zum ausdrucken. Diesen k\u00f6nnen Sie bei einem <strong>Vorstandsmitglied <\/strong>oder auch im <strong>Sekretariat der Grundschule<\/strong> abgeben.<\/p>\n\n\n\n<hr class=\"wp-block-separator\"\/>\n\n\n\n<ul class=\"wp-block-list\"><li>Mitgliedsantrag mit SEPA <a rel=\"noreferrer noopener\" aria-label=\"Satzung .pdf\u2028Datenschutzvereinbarung .pdf\n\u2028Mitgliedsantrag .pdf\n (opens in a new tab)\" href=\"http:\/\/grundschule-zell.eu\/online\/wp-content\/uploads\/2018\/12\/F\u00f6V-Beitrittserkl\u00e4rung-2018.pdf\" target=\"_blank\">.pdf<\/a><br><\/li><\/ul>\n","protected":false},"excerpt":{"rendered":"<p>Wie jeder Verein lebt auch der &#8222;F\u00f6rderverein Boos-von-Waldeck-Grundschule Zell(Mosel) e.V.&#8220; von der Unterst\u00fctzung der Mitglieder.&nbsp; Wenn Sie Vereinsmitglied werden m\u00f6chten um die Grundschule Zell durch Mithilfe im Verein oder auch finanziell zu unterst\u00fctzen finden Sie nachstehend die Vereinsunterlagen sowie einen Mitgliedsantrag zum ausdrucken. Diesen k\u00f6nnen Sie bei einem Vorstandsmitglied oder auch im Sekretariat der Grundschule &hellip; <\/p>\n<p class=\"link-more\"><a href=\"https:\/\/grundschule-zell.eu\/online\/mitglied-werden\/\" class=\"more-link\"><span class=\"screen-reader-text\">\u201eMitglied werden\u201c<\/span> weiterlesen<\/a><\/p>\n","protected":false},"author":1,"featured_media":0,"parent":0,"menu_order":0,"comment_status":"closed","ping_status":"closed","template":"","meta":{"footnotes":""},"class_list":["post-75","page","type-page","status-publish","hentry"],"jetpack_sharing_enabled":true,"_links":{"self":[{"href":"https:\/\/grundschule-zell.eu\/online\/wp-json\/wp\/v2\/pages\/75","targetHints":{"allow":["GET"]}}],"collection":[{"href":"https:\/\/grundschule-zell.eu\/online\/wp-json\/wp\/v2\/pages"}],"about":[{"href":"https:\/\/grundschule-zell.eu\/online\/wp-json\/wp\/v2\/types\/page"}],"author":[{"embeddable":true,"href":"https:\/\/grundschule-zell.eu\/online\/wp-json\/wp\/v2\/users\/1"}],"replies":[{"embeddable":true,"href":"https:\/\/grundschule-zell.eu\/online\/wp-json\/wp\/v2\/comments?post=75"}],"version-history":[{"count":6,"href":"https:\/\/grundschule-zell.eu\/online\/wp-json\/wp\/v2\/pages\/75\/revisions"}],"predecessor-version":[{"id":576,"href":"https:\/\/grundschule-zell.eu\/online\/wp-json\/wp\/v2\/pages\/75\/revisions\/576"}],"wp:attachment":[{"href":"https:\/\/grundschule-zell.eu\/online\/wp-json\/wp\/v2\/media?parent=75"}],"curies":[{"name":"wp","href":"https:\/\/api.w.org\/{rel}","templated":true}]}}