{"id":67,"date":"2018-12-11T10:13:48","date_gmt":"2018-12-11T09:13:48","guid":{"rendered":"http:\/\/grundschule-zell.eu\/online\/?page_id=67"},"modified":"2025-05-04T13:56:30","modified_gmt":"2025-05-04T11:56:30","slug":"aktionen","status":"publish","type":"page","link":"https:\/\/grundschule-zell.eu\/online\/aktionen\/","title":{"rendered":"F\u00f6V Aktionen"},"content":{"rendered":"\n<hr class=\"wp-block-separator has-css-opacity\"\/>\n\n\n\n<p>Im Verlauf des Schuljahrs unterst\u00fctzt der F\u00f6rderverein die Grundschule bei vielen Aktionen, die den Schulalltag ein bisschen sch\u00f6ner machen. Er unterst\u00fctzt aber auch mal bei besonderen Anschaffungen.<\/p>\n\n\n\n<hr class=\"wp-block-separator has-css-opacity\"\/>\n\n\n\n<p><strong>unsere Aktionen (ab 2018)<\/strong><\/p>\n\n\n\n<p><strong>25.09.18<\/strong>    Mitgliederversammlung \/ Vorstandswahl<\/p>\n\n\n\n<p><strong>Okt 2018  <\/strong>  \u00dcberarbeitung Vereinslogo und <strong>anschaffung iPads<\/strong> + Software f\u00fcr die Klassen<\/p>\n\n\n\n<p><strong>Nov 2018 <\/strong>   Orga und Bewirtung des <strong>Lesenachmittag <\/strong><\/p>\n\n\n\n<p><strong>Dez 2018<\/strong>    Weckm\u00e4nner zu Nikolaus, Bewirtung Weihnachts Treppentheater, <strong>Waffelverkauf <\/strong>im Globus Zell<\/p>\n\n\n\n<p><strong>Jan 2019<\/strong>    <strong>Theater Trier<\/strong> &#8222;Der Zauberer von Oz&#8220;<\/p>\n\n\n\n<p><strong>Apr 2019<\/strong>    Planung und Kosten\u00fcbernahme <strong>&#8222;Gesundes Fr\u00fchst\u00fcck&#8220;<\/strong><\/p>\n\n\n\n<p><strong>Juni 2019<\/strong>     <strong>Sportfest <\/strong>Getr\u00e4nke f\u00fcr Eltern und Kinder<\/p>\n\n\n\n<p><strong>Juli 2019<\/strong>    Einrichtung <strong>Facebook <\/strong>Seite F\u00f6V, Bewirtung <strong>Treppentheater<\/strong><\/p>\n\n\n\n<p><strong>Aug 2019<\/strong>     Bewirtung <strong>Einschulungsfeier<\/strong>, Finanzierung <strong>Sch\u00fclerplaner <\/strong>\u00fcber Werbung <\/p>\n\n\n\n<p><strong>Okt 2019<\/strong>     <strong>Nimmerland Theater<\/strong> in der Grundschule &#8222;H\u00e4ndlerin der Worte&#8220;<\/p>\n\n\n\n<p><strong>Nov 2019   <\/strong>  Orga und Bewirtung des <strong>Lesenachmittag<\/strong>,  Anschaffung eines Rollup Banner f\u00fcr den Verein<\/p>\n\n\n\n<p><strong>Dez 2019<\/strong>    Weckm\u00e4nner zu Nikolaus, Autorenlesung mit <strong>Claudia Siegmann<\/strong>, Bewirtung <strong>Weihnachts-Treppentheater<\/strong>, Gutschein f\u00fcr den BobbyCar Vize Weltmeister aus unserer Schule<\/p>\n\n\n\n<p><strong>Jan 2020<\/strong>   <strong>Mitgliederversammlung F\u00f6rderverein<\/strong><\/p>\n\n\n\n<p><strong>M\u00e4rz 2020<\/strong> \u00dcbernahme von <strong>8 Baumpatenschaften<\/strong> im Zeller Stadtwald im Rahmen der Aktion &#8222;Unser Zeller Wald braucht hilfe&#8220;<\/p>\n\n\n\n<p><strong>April 2020<\/strong> Ostergeschenk f\u00fcr alle Sch\u00fclerinnen und Sch\u00fcler &#8211; Eintrittskarte Tierpark Bell &#8211;<\/p>\n\n\n\n<p><strong>Juli 2020<\/strong> Spendenannahme von <strong>Raiffeisenbank Zeller Land e.G.<\/strong> iHv. 3.200 \u20ac<\/p>\n\n\n\n<p><strong>Aug 2020 Eisgutscheine <\/strong>f\u00fcr unsere Ersties (da es Corona bedingt keine &#8222;echte&#8220; Einschulungsfeier gab)<\/p>\n\n\n\n<p><strong>Sep 2020<\/strong> <strong>Mund-Nasen-Schutz Masken<\/strong> f\u00fcr alle Sch\u00fclerinnen und Sch\u00fcler &#8211; Nat\u00fcrlich mit F\u00f6rderverein Logo<\/p>\n\n\n\n<p><strong>November 2020<\/strong> Spendenannahme der Fa. Huhtamaki &#8211; 100 Kopfh\u00f6rer f\u00fcr den iPad Unterricht &#8211;<\/p>\n\n\n\n<p><strong>November 2020<\/strong> &#8222;<strong>Digitaler Vorlesetag<\/strong>&#8220; mit Hei\u00dfer Schokolade und Marshmallows<\/p>\n\n\n\n<p><strong>Dezember 2020<\/strong> Nikolausaktion &#8211; <strong>Weckm\u00e4nner <\/strong>f\u00fcr alle &#8211;<\/p>\n\n\n\n<p><strong>Dezember 2020<\/strong> Eine <strong>Weihnachtskartenaktion <\/strong>zugunsten des <strong>Tierpark Bell<\/strong> und <strong>\u00fcbernahme einer Tierpatenschaft<\/strong><\/p>\n\n\n\n<p><strong>Januar 2021<\/strong> Virtuelle <strong>Mitgliederversammlung<\/strong> mit Vorstandswahl<\/p>\n\n\n\n<p><strong>M\u00e4rz 2021<\/strong> Der Fr\u00fchling ist da und f\u00fcr jedes Kind gibt es einen Gutschein f\u00fcr <strong>eine Kugel Eis<\/strong> zu Ostern<\/p>\n\n\n\n<p><strong>August 2021<\/strong> Spende an die Grundschule Altenahr nach der Flutkatastrophe<\/p>\n\n\n\n<p><strong>August 2021 <\/strong>Herzlich Willkommen Erstkl\u00e4ssler 2021\/22 (Getr\u00e4nke + Kaffee und was s\u00fc\u00dfes f\u00fcr die wartenden Eltern)<\/p>\n\n\n\n<p><strong>Oktober 2021<\/strong> Halloweenparty des F\u00f6rderverein mit vielen Attraktionen und leckerem Gruselessen <\/p>\n\n\n\n<p><strong>November 2021<\/strong> Martinsbrezeln f\u00fcr alle (Danke an Caf\u00e9 Bauer \/ Zell-Mosel)<\/p>\n\n\n\n<p><strong>Dezember 2021<\/strong>&nbsp;Weihnachtsbasar \/ Bestellung<\/p>\n\n\n\n<p><strong>Februar 2022<\/strong> Karneval in allen Klassen mit dem Zeller Prinzenpaar und leckere Berliner<\/p>\n\n\n\n<p><strong>M\u00e4rz 2022<\/strong> B\u00fccher f\u00fcr B\u00fccherei<\/p>\n\n\n\n<p><strong>April 2022<\/strong> Verkaufsstand mit gebasteltem und Kinderschminken auf dem Zeller Ostermarkt \/ Stra\u00dfenfest<\/p>\n\n\n\n<p><strong>Juli 2022<\/strong> frisches Obst und Getr\u00e4nke beim Sportfest<\/p>\n\n\n\n<p><strong>Juli 2022<\/strong> Sommerfest &#8211; Basteln, malen, lecker Essen, Kinderdisko, und H\u00fcpfburg<\/p>\n\n\n\n<p><strong>Juli 2022<\/strong> Klassensatz Glockenspiele<\/p>\n\n\n\n<p><strong>September 2022<\/strong> Apfelernte und frischer Apfelsaft<\/p>\n\n\n\n<p><strong>November 2022<\/strong> Waffeln und Apfelpunsch auf dem Katharinenmarkt Zell<\/p>\n\n\n\n<p><strong>November 2022<\/strong> Sankt Martin an der Grundschule mit 150 leckeren Brezeln<\/p>\n\n\n\n<p><strong>November 2022 <\/strong>Mitgliederversammlung und Vorstandswahlen<\/p>\n\n\n\n<p><strong>November 2022<\/strong> Teilnahme am Bundesweiten Vorlesetag &#8211; Das Riewigm\u00e4nnchen liest aus dem Zeller Stadt Comic<\/p>\n\n\n\n<p><strong>Dezember 2022<\/strong> Waffelstand im Globus Zell<\/p>\n\n\n\n<p><strong>Dezember 2022<\/strong> Besuch des Nikolaus in der Grundschule &#8211; Jedes Kind bekommt Manderinen und etwas s\u00fc\u00dfes <\/p>\n\n\n\n<p><strong>Dezember 2022<\/strong> Teilnahme am Projekt &#8222;Schuzz&#8220; &#8211; Schuhe sammeln f\u00fcr den guten Zweck<\/p>\n\n\n\n<p><strong>Januar 2023<\/strong> Theater in der Grundschule &#8211; Peterchens Mondfahrt <\/p>\n\n\n\n<p><strong>Februar 2023<\/strong> Organisation der gro\u00dfen Karnevalsparty in der &#8222;Zeller Schwabe Katz Halle&#8220;<\/p>\n\n\n\n<p><strong>Juni 2023<\/strong> Kuchen auf dem Zeller Weinfest<\/p>\n\n\n\n<p><strong>Juni 2023<\/strong> Gesundes Fr\u00fchst\u00fcck (endlich wieder)<\/p>\n\n\n\n<p><strong>Juni 2023<\/strong> Unterst\u00fctzung beim Sportfest mit Obst und Getr\u00e4nken f\u00fcr alle Teilnehmer <\/p>\n\n\n\n<p><strong>Juli 2023<\/strong> Teilnahme beim Jugendf\u00f6rderpreis der VG Zell<\/p>\n\n\n\n<p><strong>August 2023<\/strong> Anschaffung von Tippis und Holzpferden f\u00fcr den Schulhof<\/p>\n\n\n\n<p><strong>September 2023<\/strong> Kinderflohmarkt in der Grundschule<\/p>\n\n\n\n<p><strong>Oktober 2023<\/strong> Finanzierung und Planung und Organisation der Zirkus-Projektwoche mit dem <a rel=\"noreferrer noopener\" href=\"https:\/\/circus-baldini.de\" target=\"_blank\">Schulzirkus Baldini<\/a>.<br><em>(mit Unterst\u00fctzung durch die Stadt Zell, MGV Lyra Kaimt, den Heimat- und Verkehrsverein Zell und den Sportverein Zell. Ein ganz besonderer Dank geht an die Raiffeisenbank MEHR f\u00fcr die finanzielle Unterst\u00fctzung des Projekts)<\/em><\/p>\n\n\n\n<p><strong>November 2023 <\/strong> Brezeln f\u00fcr alle zum  St. Martins Tag<\/p>\n\n\n\n<p><strong>November 2023 <\/strong> Leseabend zum Thema Zirkus (im Rahmen des Bundesweiten Vorlesetag)<br><br><strong>Dezember 2023<\/strong>  Der Nikolaus besucht die Grundschule und es gibt eine leckere \u00dcberraschungst\u00fcte<\/p>\n\n\n\n<p><strong>Dezember 2023<\/strong> Bewirtung bei der Weihnachtsfeier<\/p>\n\n\n\n<p><strong>Februar 2024<\/strong> Gro\u00dfe Karnevalsparty in der Zeller-Schwarze-Katz-Halle mit Besuch der KKG<\/p>\n\n\n\n<p><strong>M\u00e4rz 2024 <\/strong>Kaffee und Kuchen beim Tag der offenen T\u00fcr in der neuen Verbandsgemeinde<\/p>\n\n\n\n<p><strong>M\u00e4rz 2024 <\/strong>Theater in der Zeller-Schwarze-Katz-Halle &#8211; &#8222;Tischlein Deck dich&#8220;<\/p>\n\n\n\n<p><strong>M\u00e4rz 2024 <\/strong>Spende  der &#8222;Berry Zeller Plastik und Zeller Engineering&#8220; &#8211; Es gab  einen Menschlichen K\u00f6rper, ein Gebiss, einen Wasserkreislauf, Verkehrsschilder, Gewichte, eine Wagge, ein Pumping Heart, 8 Geh\u00f6rschutz H\u00f6rer, 30 Kopfh\u00f6rer f\u00fcr die Tablets geschenkt.<\/p>\n\n\n\n<p><strong>April 2024 <\/strong>Stra\u00dfenfest in Brandenburg &#8211; Es gab den ganzen Tag frische Waffeln und die Kinder konnten mit unserer Buttonmaschine Kunstwerke erstellen<\/p>\n\n\n\n<p> <strong>April 2024 <\/strong>Der F\u00f6rderverein der Boos-von-Waldeck Grundschule Zell-Mosel e.V. gewinnt (mit etwas Corona Versp\u00e4tung) den Jugenf\u00f6rderpreis der Verbandsgemeinde Zell f\u00fcr das Jahr 2020<\/p>\n\n\n\n<p> <strong>Juni 2024 <\/strong>Einweihung des &#8222;OTTO FIN\u00c9 PLATZ&#8220; in Zell. Wir unterst\u00fctzen mit frischem Kaffee und belegten Waffeln<\/p>\n\n\n\n<p> <strong>Juli 2024 <\/strong>Sportfest und Organisation eines Spendenlauf f\u00fcr die Vor-Tour der Hoffnung<\/p>\n\n\n\n<p> <strong>September 2024 <\/strong>Bewirtung bei der Einschulungsfeier<\/p>\n\n\n\n<p> <strong>November 2024 <\/strong>Es wird gruselig, es wird gefeiert &#8230; unsere Halloween Party mit vielen Kost\u00fcmen, Spielstationen, Gruselessen, Fotobox, K\u00fcrbischnitzen und Kinderdisco. <\/p>\n\n\n\n<p> <strong>November 2024 <\/strong>Bundesweiter Vorlesetag unter dem Thema Feuerwehr <\/p>\n\n\n\n<p> <strong>November 2024 <\/strong>Wie schon Tradition gab es Martinsbretzeln f\u00fcr alle<\/p>\n\n\n\n<p> <strong>Dezember 2024 <\/strong>Teilnahme am M\u00e4rchenumzug der Stadt Zell<\/p>\n\n\n\n<p> <strong>M\u00e4rz 2025 <\/strong>Die gro\u00dfe Karnevalsparty in der Zeller-Schwarze-Katz-Halle <\/p>\n\n\n\n<p><strong>M\u00e4rz 2025 <\/strong>Anschaffung B\u00fccher f\u00fcr unsere B\u00fccherei <\/p>\n\n\n\n<p><strong>Mehr ist in Planung<\/strong><\/p>\n\n\n\n<p><em>Neben vielen gro\u00dfen und klleinen Einzelaktion laufen \u00fcber das Jahr verteilt immer noch weitere Unterst\u00fczungen wie die <strong>Kosten\u00fcbernahme von Klassenfahrten<\/strong> oder div. Anschaffungen z.B. f\u00fcr die <strong>Schulb\u00fccherei<\/strong><\/em><\/p>\n","protected":false},"excerpt":{"rendered":"<p>Im Verlauf des Schuljahrs unterst\u00fctzt der F\u00f6rderverein die Grundschule bei vielen Aktionen, die den Schulalltag ein bisschen sch\u00f6ner machen. Er unterst\u00fctzt aber auch mal bei besonderen Anschaffungen. unsere Aktionen (ab 2018) 25.09.18 Mitgliederversammlung \/ Vorstandswahl Okt 2018 \u00dcberarbeitung Vereinslogo und anschaffung iPads + Software f\u00fcr die Klassen Nov 2018 Orga und Bewirtung des Lesenachmittag Dez &hellip; <\/p>\n<p class=\"link-more\"><a href=\"https:\/\/grundschule-zell.eu\/online\/aktionen\/\" class=\"more-link\"><span class=\"screen-reader-text\">\u201eF\u00f6V Aktionen\u201c<\/span> weiterlesen<\/a><\/p>\n","protected":false},"author":1,"featured_media":0,"parent":0,"menu_order":0,"comment_status":"closed","ping_status":"closed","template":"","meta":{"footnotes":""},"class_list":["post-67","page","type-page","status-publish","hentry"],"jetpack_sharing_enabled":true,"_links":{"self":[{"href":"https:\/\/grundschule-zell.eu\/online\/wp-json\/wp\/v2\/pages\/67","targetHints":{"allow":["GET"]}}],"collection":[{"href":"https:\/\/grundschule-zell.eu\/online\/wp-json\/wp\/v2\/pages"}],"about":[{"href":"https:\/\/grundschule-zell.eu\/online\/wp-json\/wp\/v2\/types\/page"}],"author":[{"embeddable":true,"href":"https:\/\/grundschule-zell.eu\/online\/wp-json\/wp\/v2\/users\/1"}],"replies":[{"embeddable":true,"href":"https:\/\/grundschule-zell.eu\/online\/wp-json\/wp\/v2\/comments?post=67"}],"version-history":[{"count":30,"href":"https:\/\/grundschule-zell.eu\/online\/wp-json\/wp\/v2\/pages\/67\/revisions"}],"predecessor-version":[{"id":1625,"href":"https:\/\/grundschule-zell.eu\/online\/wp-json\/wp\/v2\/pages\/67\/revisions\/1625"}],"wp:attachment":[{"href":"https:\/\/grundschule-zell.eu\/online\/wp-json\/wp\/v2\/media?parent=67"}],"curies":[{"name":"wp","href":"https:\/\/api.w.org\/{rel}","templated":true}]}}