{"id":65,"date":"2018-12-11T10:13:35","date_gmt":"2018-12-11T09:13:35","guid":{"rendered":"http:\/\/grundschule-zell.eu\/online\/?page_id=65"},"modified":"2025-05-03T20:03:40","modified_gmt":"2025-05-03T18:03:40","slug":"foerderverein","status":"publish","type":"page","link":"https:\/\/grundschule-zell.eu\/online\/foerderverein\/","title":{"rendered":"F\u00f6rderverein"},"content":{"rendered":"\n<figure class=\"wp-block-image size-large\"><img loading=\"lazy\" decoding=\"async\" width=\"1024\" height=\"768\" src=\"http:\/\/grundschule-zell.eu\/online\/wp-content\/uploads\/2024\/04\/WhatsApp-Image-2024-04-03-at-21.47.03-1024x768.jpeg\" alt=\"\" class=\"wp-image-1473\" srcset=\"https:\/\/grundschule-zell.eu\/online\/wp-content\/uploads\/2024\/04\/WhatsApp-Image-2024-04-03-at-21.47.03-1024x768.jpeg 1024w, https:\/\/grundschule-zell.eu\/online\/wp-content\/uploads\/2024\/04\/WhatsApp-Image-2024-04-03-at-21.47.03-300x225.jpeg 300w, https:\/\/grundschule-zell.eu\/online\/wp-content\/uploads\/2024\/04\/WhatsApp-Image-2024-04-03-at-21.47.03-768x576.jpeg 768w, https:\/\/grundschule-zell.eu\/online\/wp-content\/uploads\/2024\/04\/WhatsApp-Image-2024-04-03-at-21.47.03-1536x1152.jpeg 1536w, https:\/\/grundschule-zell.eu\/online\/wp-content\/uploads\/2024\/04\/WhatsApp-Image-2024-04-03-at-21.47.03.jpeg 1984w\" sizes=\"auto, (max-width: 767px) 89vw, (max-width: 1000px) 54vw, (max-width: 1071px) 543px, 580px\" \/><\/figure>\n\n\n\n<p>Der F\u00f6rderverein wurde mit Satzung vom 11 Mai 1995 gegr\u00fcndet und ist ein gemeinn\u00fctziger Verein. Derzeit z\u00e4hlt der F\u00f6rderverein ca. 100 aktive oder unterst\u00fctzende Mitglieder.<\/p>\n\n\n\n<p>In enger Zusammenarbeit mit dem amtierenden <a href=\"http:\/\/grundschule-zell.eu\/online\/elternvertretung\/\">Elternbeirat<\/a> unterst\u00fctzt der F\u00f6V die p\u00e4dagogischen Ziele der Schule. Finanzielle Hilfe bietet der F\u00f6V f\u00fcr verschiedene Lernhilfen, erg\u00e4nzende Lernmaterialien sowie Kultur- und Freizeitangebote an (weiteres hierzu findet sich im Bereich <a href=\"http:\/\/grundschule-zell.eu\/online\/aktionen\/\">Aktionen<\/a>). Es ist dem F\u00f6V wichtig, Kontakte zwischen Lehrern, Eltern und Sch\u00fclern aufzubauen und zu f\u00f6rdern.<\/p>\n\n\n\n<hr class=\"wp-block-separator has-css-opacity\"\/>\n\n\n<div class=\"wp-block-image\">\n<figure class=\"aligncenter\"><img loading=\"lazy\" decoding=\"async\" width=\"1024\" height=\"580\" src=\"http:\/\/grundschule-zell.eu\/online\/wp-content\/uploads\/2019\/01\/Logo-F\u00f6V-ab-2018-1024x580.jpg\" alt=\"\" class=\"wp-image-267\" srcset=\"https:\/\/grundschule-zell.eu\/online\/wp-content\/uploads\/2019\/01\/Logo-F\u00f6V-ab-2018-1024x580.jpg 1024w, https:\/\/grundschule-zell.eu\/online\/wp-content\/uploads\/2019\/01\/Logo-F\u00f6V-ab-2018-300x170.jpg 300w, https:\/\/grundschule-zell.eu\/online\/wp-content\/uploads\/2019\/01\/Logo-F\u00f6V-ab-2018-768x435.jpg 768w, https:\/\/grundschule-zell.eu\/online\/wp-content\/uploads\/2019\/01\/Logo-F\u00f6V-ab-2018.jpg 1600w\" sizes=\"auto, (max-width: 767px) 89vw, (max-width: 1000px) 54vw, (max-width: 1071px) 543px, 580px\" \/><\/figure><\/div>\n\n\n<hr class=\"wp-block-separator has-css-opacity\"\/>\n\n\n\n<p>Weitere Informationen sowie Mitgliedsantr\u00e4ge finden Sie hier:<\/p>\n\n\n\n<ul class=\"wp-block-list\">\n<li><a href=\"http:\/\/grundschule-zell.eu\/online\/aktionen\/\">Aktionen<\/a><\/li>\n\n\n\n<li><a href=\"http:\/\/grundschule-zell.eu\/online\/apfelsaft-2\/\">Apfelsaft aus Obst vom Schulhof<\/a><\/li>\n\n\n\n<li><a href=\"http:\/\/grundschule-zell.eu\/online\/foev-kontakt\/\">Kontakt<\/a><\/li>\n\n\n\n<li><a href=\"http:\/\/grundschule-zell.eu\/online\/vorstand\/\">Vorstand<\/a><\/li>\n\n\n\n<li><a href=\"http:\/\/grundschule-zell.eu\/online\/foev-chronik\/\">Chronik<\/a><\/li>\n\n\n\n<li><a href=\"http:\/\/grundschule-zell.eu\/online\/mitglied-werden\/\">Mitglied werden<\/a><\/li>\n<\/ul>\n","protected":false},"excerpt":{"rendered":"<p>Der F\u00f6rderverein wurde mit Satzung vom 11 Mai 1995 gegr\u00fcndet und ist ein gemeinn\u00fctziger Verein. Derzeit z\u00e4hlt der F\u00f6rderverein ca. 100 aktive oder unterst\u00fctzende Mitglieder. In enger Zusammenarbeit mit dem amtierenden Elternbeirat unterst\u00fctzt der F\u00f6V die p\u00e4dagogischen Ziele der Schule. Finanzielle Hilfe bietet der F\u00f6V f\u00fcr verschiedene Lernhilfen, erg\u00e4nzende Lernmaterialien sowie Kultur- und Freizeitangebote an &hellip; <\/p>\n<p class=\"link-more\"><a href=\"https:\/\/grundschule-zell.eu\/online\/foerderverein\/\" class=\"more-link\"><span class=\"screen-reader-text\">\u201eF\u00f6rderverein\u201c<\/span> weiterlesen<\/a><\/p>\n","protected":false},"author":1,"featured_media":0,"parent":0,"menu_order":0,"comment_status":"closed","ping_status":"closed","template":"","meta":{"footnotes":""},"class_list":["post-65","page","type-page","status-publish","hentry"],"jetpack_sharing_enabled":true,"_links":{"self":[{"href":"https:\/\/grundschule-zell.eu\/online\/wp-json\/wp\/v2\/pages\/65","targetHints":{"allow":["GET"]}}],"collection":[{"href":"https:\/\/grundschule-zell.eu\/online\/wp-json\/wp\/v2\/pages"}],"about":[{"href":"https:\/\/grundschule-zell.eu\/online\/wp-json\/wp\/v2\/types\/page"}],"author":[{"embeddable":true,"href":"https:\/\/grundschule-zell.eu\/online\/wp-json\/wp\/v2\/users\/1"}],"replies":[{"embeddable":true,"href":"https:\/\/grundschule-zell.eu\/online\/wp-json\/wp\/v2\/comments?post=65"}],"version-history":[{"count":5,"href":"https:\/\/grundschule-zell.eu\/online\/wp-json\/wp\/v2\/pages\/65\/revisions"}],"predecessor-version":[{"id":1623,"href":"https:\/\/grundschule-zell.eu\/online\/wp-json\/wp\/v2\/pages\/65\/revisions\/1623"}],"wp:attachment":[{"href":"https:\/\/grundschule-zell.eu\/online\/wp-json\/wp\/v2\/media?parent=65"}],"curies":[{"name":"wp","href":"https:\/\/api.w.org\/{rel}","templated":true}]}}