{"id":55,"date":"2018-12-11T10:12:07","date_gmt":"2018-12-11T09:12:07","guid":{"rendered":"http:\/\/grundschule-zell.eu\/online\/?page_id=55"},"modified":"2019-05-16T10:26:36","modified_gmt":"2019-05-16T08:26:36","slug":"schul-regeln","status":"publish","type":"page","link":"https:\/\/grundschule-zell.eu\/online\/schul-regeln\/","title":{"rendered":"Schul-Regeln"},"content":{"rendered":"\n<p><strong>Im Umgang miteinander:<\/strong><\/p>\n\n\n\n<ul class=\"wp-block-list\"><li>Wir gehen h\u00f6flich, freundlich und r\u00fccksichtsvoll miteinander um.<\/li><li>Wir akzeptieren und respektieren die Meinung anderer.<\/li><li>Wir verzichten auf k\u00f6rperliche Gewalt oder das Verletzen mit Worten.<\/li><li>Wir befolgen Anweisungen aller Lehrpersonen, des Hausmeisters, der<\/li><li>Betreuungskr\u00e4fte, der Sekret\u00e4rin, der FSJlerInnen sowie der aufsichtsf\u00fchrenden Eltern.<\/li><\/ul>\n\n\n\n<p><strong>Unterrichtszeit:<\/strong><\/p>\n\n\n\n<ul class=\"wp-block-list\"><li>Wir halten uns an die mit der Klassenleitung vereinbarten Klassenregeln.<\/li><li>Unsere Eltern d\u00fcrfen uns bis zum Fundtisch begleiten. Ab hier k\u00f6nnen wir alleine gehen.<\/li><li>Sind wir vor 7.45Uhr in der Schule, stellen wir unseren Ranzen in dem davor vorgesehenen Bereich im Flur ab und gehen auf den Pausenhof.<\/li><li>Im offenen Anfang halten wir uns in unserem Klassenraum auf und besch\u00e4ftigen uns sinnvoll und leise.<\/li><li>Wir essen und trinken nicht w\u00e4hrend des Unterrichts. <\/li><li>Wir erledigen Toiletteng\u00e4nge m\u00f6glichst in den Pausen.<\/li><li>W\u00e4hrend der Unterrichtszeit verhalten wir uns auf den Fluren leise, um die anderen Klassen nicht zu st\u00f6ren.<\/li><li>Wir werfen unseren M\u00fcll, sowohl in der Klasse als auch im gesamten Schulgeb\u00e4ude, stets in die daf\u00fcr vorgesehenen Abfallbeh\u00e4lter.<\/li><li>Wir achten die Leistungen und die Unterrichtsergebnisse unserer Schulkameraden.<\/li><li>Im Schulgeb\u00e4ude\/Auf dem Schulgel\u00e4nde<\/li><li>Wir verlassen das Schulgel\u00e4nde nicht.<\/li><li>Wir verstauen unsere Jacken, Schuhe und Turnbeutel in den daf\u00fcr vorgesehenen Garderobenbereich im Flur.<\/li><li>Wir tragen im gesamten Schulgeb\u00e4ude Hausschuhe.<\/li><li>Wir kauen auf dem gesamten Schulgel\u00e4nde und im Schulgeb\u00e4ude keinen Kaugummi.<\/li><li>Wir bringen kein Spielzeug mit in die Schule.<\/li><li>Wir essen nur im Klassen- bzw. Essensraum und nicht auf den Fluren oder dem Pausenhof.<\/li><li>Wir gehen stets ruhig durch das Schulgeb\u00e4ude.<\/li><li>Wir halten uns nur in den Geb\u00e4udebereichen auf, die uns zugewiesen wurden.<\/li><li>Wir klettern und rutschen nicht am Treppengel\u00e4nder.<\/li><li>Wir arbeiten leise am Tisch im Flur.<\/li><\/ul>\n\n\n\n<p><strong>In der Pause<\/strong><\/p>\n\n\n\n<ul class=\"wp-block-list\"><li>In der Pause halten wir uns grunds\u00e4tzlich auf dem Schul- oder Naturhof auf.<\/li><li>Nach dem Pausengong stellen wir uns ordnungsgem\u00e4\u00df auf unserem Aufstellplatz auf.<\/li><li>Im Winter werfen wir keine Schneeb\u00e4lle.<\/li><li>In der Regenpause halten wir uns in unserem Klassenraum auf und besch\u00e4ftige uns.<\/li><li>Wir werfen nicht mit St\u00f6cken, Holzhackschnitzeln, \u00c4pfeln oder anderen Gegenst\u00e4nden.<\/li><li>Wir benutzen Spielgegenst\u00e4nde und Kletterger\u00e4te sachgerecht.<\/li><li>Die Kletterger\u00e4te sind bei oder nach Regen gesperrt, da eine Nutzung wegen Rutschgefahr zu gef\u00e4hrlich ist.<\/li><li>Ausgeliehene Pausenspiele bringen wir unmittelbar nach dem Pausengong an die Ausleihstation zur\u00fcck.<\/li><li>Die Fr\u00fchst\u00fcckspause nutzen wir zum Essen. Dabei achten wir darauf, uns gesund zu ern\u00e4hren. Wir nehmen keine S\u00fc\u00dfigkeiten mit.<\/li><\/ul>\n\n\n\n<p><strong>Auf den Toiletten <\/strong><\/p>\n\n\n\n<ul class=\"wp-block-list\"><li>Wir benutzen die Toiletten nicht als Spielplatz oder Aufenthaltsraum.<\/li><li>Wir verlassen die Toiletten nach der Benutzung sauber und ordentlich.<\/li><li>Nach jedem Toilettengang waschen wir uns die H\u00e4nde.<\/li><\/ul>\n\n\n\n<p><strong>Unterrichtsende<\/strong><\/p>\n\n\n\n<ul class=\"wp-block-list\"><li>Wir achten darauf, dass unser Schulranzen f\u00fcr die Hausaufgaben fertig gepackt ist.<\/li><li>Wir nehmen alle Kleidungsst\u00fccke, die wir an diesem Tag getragen haben wieder mit nach Hause.<\/li><li>Wir nehmen unseren Sportbeutel regelm\u00e4\u00dfig zum Waschen der Sportkleidung mit nach Hause.<\/li><li>Wir stellen uns im Eingangsbereich, an der entsprechenden Markierung auf, und warten auf die aufsichtsf\u00fchrende Lehrkraft. Erst nach ihrer Aufforderung verlassen wir das Schulgeb\u00e4ude.<\/li><li>Unsere Eltern warten vor dem Schulgeb\u00e4ude auf uns.<\/li><\/ul>\n\n\n\n<p><strong>Busregeln<\/strong><\/p>\n\n\n\n<ul class=\"wp-block-list\"><li>Wir gehen hinter der Aufsicht geordnet zur Bushaltestelle.<\/li><li>An der Bushaltestelle stellen wir uns paarweise, nach Klassen geordnet auf und warten auf unseren Bus. <\/li><li>Im Bus setzen wir uns z\u00fcgig auf einen freien Platz im vorderen Bereich. Die Schulranzen stellen wir vor uns ab.<\/li><li>W\u00e4hrend der Fahrt bleiben wir auf unseren Pl\u00e4tzen sitzen und verhalten uns ruhig.<\/li><li>Im Bus essen und trinken wir nicht.<\/li><li>Beim Aussteigen nehmen wir alle Sachen mit.<\/li><li>Wir steigen geordnet aus und dr\u00e4ngeln nicht.<\/li><\/ul>\n\n\n\n<p><strong>GTS Regeln <\/strong><\/p>\n\n\n\n<ul class=\"wp-block-list\"><li>W\u00e4hrend der Ganztagszeiten gelten grunds\u00e4tzlich alle Schulregeln des Vormittags.<\/li><li>Wir GTS Kinder stellen uns nach Unterrichtsende auf dem Schulhof ordentlich zum Mittagessen auf.<\/li><li>Die Schulranzen lassen wir in bzw. vor der Klasse, da sie in der Lernzeit wieder gebraucht werden. Einzig die Trinkflaschen d\u00fcrfen wir mitnehmen und auf dem Getr\u00e4nketisch abstellen.<\/li><li>Nach dem Essen haben wir die M\u00f6glichkeit unsere Getr\u00e4nkeflaschen aufzuf\u00fcllen.<\/li><li>Haben wir unsere Mahlzeit beendet, r\u00e4umen wir unseren Platz auf und gehen anschlie\u00dfend z\u00fcgig auf den Schulhof.<\/li><li>Zu den AG- und Lernzeiten stellen wir uns ordentlich an unseren Stellpl\u00e4tzen auf und warten auf unseren Betreuer. Erst dann gehen wir mit der Betreuungsperson zusammen zu unserem Klassenraum.<\/li><li>Sind wir vor Ende der Lernzeit mit unseren Hausaufgaben fertig, r\u00e4umen wir leise unseren Platz auf und gehen dann ruhig und z\u00fcgig auf den Schulhof.<\/li><li>Nach den Lernzeiten nehmen wir unseren Ranzen mit und stellen ihn, im daf\u00fcr vorgesehenen Bereich im Flur ab.<\/li><li>Wir verlassen unsere AGs nicht vorzeitig.<\/li><\/ul>\n\n\n\n<figure class=\"wp-block-image\"><img loading=\"lazy\" decoding=\"async\" width=\"1024\" height=\"752\" src=\"http:\/\/grundschule-zell.eu\/online\/wp-content\/uploads\/2019\/05\/regelverstoesse-1024x752.png\" alt=\"\" class=\"wp-image-332\" srcset=\"https:\/\/grundschule-zell.eu\/online\/wp-content\/uploads\/2019\/05\/regelverstoesse-1024x752.png 1024w, https:\/\/grundschule-zell.eu\/online\/wp-content\/uploads\/2019\/05\/regelverstoesse-300x220.png 300w, https:\/\/grundschule-zell.eu\/online\/wp-content\/uploads\/2019\/05\/regelverstoesse-768x564.png 768w, https:\/\/grundschule-zell.eu\/online\/wp-content\/uploads\/2019\/05\/regelverstoesse.png 1056w\" sizes=\"auto, (max-width: 767px) 89vw, (max-width: 1000px) 54vw, (max-width: 1071px) 543px, 580px\" \/><\/figure>\n","protected":false},"excerpt":{"rendered":"<p>Im Umgang miteinander: Wir gehen h\u00f6flich, freundlich und r\u00fccksichtsvoll miteinander um. Wir akzeptieren und respektieren die Meinung anderer. Wir verzichten auf k\u00f6rperliche Gewalt oder das Verletzen mit Worten. Wir befolgen Anweisungen aller Lehrpersonen, des Hausmeisters, der Betreuungskr\u00e4fte, der Sekret\u00e4rin, der FSJlerInnen sowie der aufsichtsf\u00fchrenden Eltern. Unterrichtszeit: Wir halten uns an die mit der Klassenleitung vereinbarten &hellip; <\/p>\n<p class=\"link-more\"><a href=\"https:\/\/grundschule-zell.eu\/online\/schul-regeln\/\" class=\"more-link\"><span class=\"screen-reader-text\">\u201eSchul-Regeln\u201c<\/span> weiterlesen<\/a><\/p>\n","protected":false},"author":1,"featured_media":0,"parent":0,"menu_order":0,"comment_status":"closed","ping_status":"closed","template":"","meta":{"footnotes":""},"class_list":["post-55","page","type-page","status-publish","hentry"],"jetpack_sharing_enabled":true,"_links":{"self":[{"href":"https:\/\/grundschule-zell.eu\/online\/wp-json\/wp\/v2\/pages\/55","targetHints":{"allow":["GET"]}}],"collection":[{"href":"https:\/\/grundschule-zell.eu\/online\/wp-json\/wp\/v2\/pages"}],"about":[{"href":"https:\/\/grundschule-zell.eu\/online\/wp-json\/wp\/v2\/types\/page"}],"author":[{"embeddable":true,"href":"https:\/\/grundschule-zell.eu\/online\/wp-json\/wp\/v2\/users\/1"}],"replies":[{"embeddable":true,"href":"https:\/\/grundschule-zell.eu\/online\/wp-json\/wp\/v2\/comments?post=55"}],"version-history":[{"count":3,"href":"https:\/\/grundschule-zell.eu\/online\/wp-json\/wp\/v2\/pages\/55\/revisions"}],"predecessor-version":[{"id":333,"href":"https:\/\/grundschule-zell.eu\/online\/wp-json\/wp\/v2\/pages\/55\/revisions\/333"}],"wp:attachment":[{"href":"https:\/\/grundschule-zell.eu\/online\/wp-json\/wp\/v2\/media?parent=55"}],"curies":[{"name":"wp","href":"https:\/\/api.w.org\/{rel}","templated":true}]}}