{"id":49,"date":"2018-12-11T10:11:01","date_gmt":"2018-12-11T09:11:01","guid":{"rendered":"http:\/\/grundschule-zell.eu\/online\/?page_id=49"},"modified":"2019-05-16T10:37:01","modified_gmt":"2019-05-16T08:37:01","slug":"schwerpunktschule","status":"publish","type":"page","link":"https:\/\/grundschule-zell.eu\/online\/schwerpunktschule\/","title":{"rendered":"Schwerpunktschule"},"content":{"rendered":"\n<p>Die Boos-von Waldeck-Grundschule Zell (Mosel) ist seit Schuljahresbeginn 2010\/11 auch Schwerpunktschule. Sch\u00fclerinnen und Sch\u00fcler mit einem F\u00f6rdergutachten werden klassenintern in regelm\u00e4\u00dfigen F\u00f6rderstunden von einem F\u00f6rderlehrer und einer erfahrenen p\u00e4dagogischen Fachkraft betreut.<\/p>\n","protected":false},"excerpt":{"rendered":"<p>Die Boos-von Waldeck-Grundschule Zell (Mosel) ist seit Schuljahresbeginn 2010\/11 auch Schwerpunktschule. Sch\u00fclerinnen und Sch\u00fcler mit einem F\u00f6rdergutachten werden klassenintern in regelm\u00e4\u00dfigen F\u00f6rderstunden von einem F\u00f6rderlehrer und einer erfahrenen p\u00e4dagogischen Fachkraft betreut.<\/p>\n","protected":false},"author":1,"featured_media":0,"parent":0,"menu_order":0,"comment_status":"closed","ping_status":"closed","template":"","meta":{"footnotes":""},"class_list":["post-49","page","type-page","status-publish","hentry"],"jetpack_sharing_enabled":true,"_links":{"self":[{"href":"https:\/\/grundschule-zell.eu\/online\/wp-json\/wp\/v2\/pages\/49","targetHints":{"allow":["GET"]}}],"collection":[{"href":"https:\/\/grundschule-zell.eu\/online\/wp-json\/wp\/v2\/pages"}],"about":[{"href":"https:\/\/grundschule-zell.eu\/online\/wp-json\/wp\/v2\/types\/page"}],"author":[{"embeddable":true,"href":"https:\/\/grundschule-zell.eu\/online\/wp-json\/wp\/v2\/users\/1"}],"replies":[{"embeddable":true,"href":"https:\/\/grundschule-zell.eu\/online\/wp-json\/wp\/v2\/comments?post=49"}],"version-history":[{"count":2,"href":"https:\/\/grundschule-zell.eu\/online\/wp-json\/wp\/v2\/pages\/49\/revisions"}],"predecessor-version":[{"id":335,"href":"https:\/\/grundschule-zell.eu\/online\/wp-json\/wp\/v2\/pages\/49\/revisions\/335"}],"wp:attachment":[{"href":"https:\/\/grundschule-zell.eu\/online\/wp-json\/wp\/v2\/media?parent=49"}],"curies":[{"name":"wp","href":"https:\/\/api.w.org\/{rel}","templated":true}]}}