{"id":47,"date":"2018-12-11T10:10:30","date_gmt":"2018-12-11T09:10:30","guid":{"rendered":"http:\/\/grundschule-zell.eu\/online\/?page_id=47"},"modified":"2020-02-03T11:33:32","modified_gmt":"2020-02-03T10:33:32","slug":"ganztagsschule","status":"publish","type":"page","link":"https:\/\/grundschule-zell.eu\/online\/ganztagsschule\/","title":{"rendered":"Ganztagsschule"},"content":{"rendered":"\n<p><strong>Zeitlicher Rahmen<\/strong> <em>(Stand 03.02.2020)<\/em><br><br><strong>1.\/2. Schuljahr<\/strong><br>12:00 bis 12:30 Uhr \/ Essen<br>12:30 bis 13:00 Uhr \/ Pause bzw. Erweiterte Lernzeit<br>13:00 bis 13:50 Uhr \/ Lernzeit<br>13:50 bis 14:50 Uhr \/ Projekt<br>14:50 bis 15:50 Uhr \/ Spielpause<br><br><strong>3.\/4. Schuljahr<\/strong><br> 13:00 bis 13:30 Uhr\/ Essen<br> 13:30 bis 14:00 Uhr \/ Pause bzw. Erweiterte Lernzeit <br> 14:00 bis 14:50 Uhr \/ Lernzeit<br> 14:50 bis 15:50 Uhr \/ Projekt<\/p>\n\n\n\n<p><strong>Personal<\/strong><\/p>\n\n\n\n<p>Lehrerinnen und Lehrer der Boos-von-Waldeck-Grundschule, Schulsozialarbeiterin Frau Corinna Sehn, Erzieherinnen, Musikp\u00e4dagogen, \u00dcbungsleiterinnen &nbsp;und \u00dcbungsleiter, p\u00e4dagogisch qualifizierte Eltern <\/p>\n\n\n\n<p><strong>Kooperationspartner<\/strong><\/p>\n\n\n\n<ul class=\"wp-block-list\"><li>SV Zell 1925 e.V. <\/li><li>Kreismusikschule<\/li><\/ul>\n\n\n\n<p><strong>Teilnahme<\/strong><\/p>\n\n\n\n<p>Das Angebot richtet sich zun\u00e4chst an Sch\u00fclerinnen und Sch\u00fcler der Boos-von- Waldeck-Grundschule Zell (Mosel) und ist freiwillig; nach der Anmeldung ist die Teilnahme am Ganztagsschulangebot aber f\u00fcr ein Schuljahr verpflichtend. <br> Schulbezirkswechsel von Sch\u00fclerinnen und Sch\u00fcler sind \u201eaus wichtigem Grund\u201c auch m\u00f6glich und werden durch eine Zuweisung verf\u00fcgt. Der Besuch eines Ganztagsschulangebots ist ein solch \u201ewichtiger Grund\u201c.   <\/p>\n\n\n\n<p><strong>Elternbeteiligung<\/strong><\/p>\n\n\n\n<p>Die Eltern beteiligen sich an den Kosten des Mittagessens mit einem Betrag von zurzeit 3,30 Euro pro Mittagessen, welches von dem Schultr\u00e4ger grunds\u00e4tzlich per Bankeinzug angefordert wird. Im Rahmen des Bildungs- und Teilhabepakets besteht die M\u00f6glichkeit der finanziellen Unterst\u00fctzung des Mittagessens (Infobl\u00e4tter und Antr\u00e4ge sind im Sekretariat der Schule erh\u00e4ltlich). <\/p>\n\n\n\n<p><strong>Mittagessen<\/strong><\/p>\n\n\n\n<p>Das gemeinsame Mittagessen ist integraler Bestandteil des Ganztagsschulangebotes. Die Zubereitung erfolgt durch die K\u00fcche des St. Josef-Krankenhauses Zell in enger Abstimmung mit der Schule. Auf religi\u00f6se Speisevorschriften und gesundheitliche Einschr\u00e4nkungen der Kinder wird dabei R\u00fccksicht genommen.<\/p>\n\n\n\n<p><strong>R\u00e4ume und Ausstattung<\/strong><\/p>\n\n\n\n<p> Alle Klassen- und Fachr\u00e4ume sowie die Sporthalle stehen f\u00fcr den Ganztagsbetrieb zur Verf\u00fcgung &#8211; auch einzelne R\u00e4ume im Untergeschoss der Schule, in der ein Werkraum und zwei Gruppenr\u00e4ume eingerichtet wurden. F\u00fcr die Essensausgabe sind zus\u00e4tzlich eine Verteilerk\u00fcche und ein Speisesaal eingerichtet worden. In der Au\u00dfenanlage steht den Kindern der naturnahe Schulhof zur Verf\u00fcgung. <\/p>\n\n\n\n<p><strong>Anmeldung und Information <\/strong><\/p>\n\n\n\n<p>Sowohl das Sekretariat der Schule als auch der Schultr\u00e4ger nehmen Anmeldungen entgegen. Anmeldevordrucke sind hier erh\u00e4ltlich. Beide erteilen gerne weitere Informationen unter der Rufnummer 06542\/901537 (Sekretariat der Schule) oder 06542\/701-51 oder 701\u201360 (Schultr\u00e4ger). <\/p>\n\n\n\n<p><\/p>\n","protected":false},"excerpt":{"rendered":"<p>Zeitlicher Rahmen (Stand 03.02.2020) 1.\/2. Schuljahr12:00 bis 12:30 Uhr \/ Essen12:30 bis 13:00 Uhr \/ Pause bzw. Erweiterte Lernzeit13:00 bis 13:50 Uhr \/ Lernzeit13:50 bis 14:50 Uhr \/ Projekt14:50 bis 15:50 Uhr \/ Spielpause 3.\/4. Schuljahr 13:00 bis 13:30 Uhr\/ Essen 13:30 bis 14:00 Uhr \/ Pause bzw. Erweiterte Lernzeit 14:00 bis 14:50 Uhr \/ &hellip; <\/p>\n<p class=\"link-more\"><a href=\"https:\/\/grundschule-zell.eu\/online\/ganztagsschule\/\" class=\"more-link\"><span class=\"screen-reader-text\">\u201eGanztagsschule\u201c<\/span> weiterlesen<\/a><\/p>\n","protected":false},"author":1,"featured_media":0,"parent":0,"menu_order":0,"comment_status":"closed","ping_status":"closed","template":"","meta":{"footnotes":""},"class_list":["post-47","page","type-page","status-publish","hentry"],"jetpack_sharing_enabled":true,"_links":{"self":[{"href":"https:\/\/grundschule-zell.eu\/online\/wp-json\/wp\/v2\/pages\/47","targetHints":{"allow":["GET"]}}],"collection":[{"href":"https:\/\/grundschule-zell.eu\/online\/wp-json\/wp\/v2\/pages"}],"about":[{"href":"https:\/\/grundschule-zell.eu\/online\/wp-json\/wp\/v2\/types\/page"}],"author":[{"embeddable":true,"href":"https:\/\/grundschule-zell.eu\/online\/wp-json\/wp\/v2\/users\/1"}],"replies":[{"embeddable":true,"href":"https:\/\/grundschule-zell.eu\/online\/wp-json\/wp\/v2\/comments?post=47"}],"version-history":[{"count":4,"href":"https:\/\/grundschule-zell.eu\/online\/wp-json\/wp\/v2\/pages\/47\/revisions"}],"predecessor-version":[{"id":379,"href":"https:\/\/grundschule-zell.eu\/online\/wp-json\/wp\/v2\/pages\/47\/revisions\/379"}],"wp:attachment":[{"href":"https:\/\/grundschule-zell.eu\/online\/wp-json\/wp\/v2\/media?parent=47"}],"curies":[{"name":"wp","href":"https:\/\/api.w.org\/{rel}","templated":true}]}}