{"id":174,"date":"2018-12-11T17:39:24","date_gmt":"2018-12-11T16:39:24","guid":{"rendered":"http:\/\/grundschule-zell.eu\/online\/?page_id=174"},"modified":"2019-03-18T12:54:24","modified_gmt":"2019-03-18T11:54:24","slug":"schulschwimmen","status":"publish","type":"page","link":"https:\/\/grundschule-zell.eu\/online\/schulschwimmen\/","title":{"rendered":"Schulschwimmen"},"content":{"rendered":"\n<p>Unsere Schule bietet neben dem regul\u00e4ren Sportunterricht in\nder Turnhalle auch Schwimmunterricht an. <\/p>\n\n\n\n<p>Einmal in der Woche gehen unsere zweiten und vierten Klassen\nzum nahegelegenen Erlebnisbad in Zell-Kaimt um ihre Schwimmf\u00e4higkeiten zu\nverbessern.<\/p>\n\n\n\n<p>Daf\u00fcr werden die Kinder in der Regel in eine Schwimmer- und eine Nichtschwimmergruppe eingeteilt.<\/p>\n\n\n\n<p>Ziel des Unterrichts ist es, dass m\u00f6glichst viele M\u00e4dchen und Jungen aus der Nichtschwimmergruppe das Schwimmabzeichen ablegen. In der Schwimmergruppe \u00fcben die Kinder an ihren Schwimmtechniken und trainieren bereits f\u00fcr die Anforderungen der Jugend-Schwimmabzeichen des DLRG (Bronze, Silberund Gold).<\/p>\n","protected":false},"excerpt":{"rendered":"<p>Unsere Schule bietet neben dem regul\u00e4ren Sportunterricht in der Turnhalle auch Schwimmunterricht an. Einmal in der Woche gehen unsere zweiten und vierten Klassen zum nahegelegenen Erlebnisbad in Zell-Kaimt um ihre Schwimmf\u00e4higkeiten zu verbessern. Daf\u00fcr werden die Kinder in der Regel in eine Schwimmer- und eine Nichtschwimmergruppe eingeteilt. Ziel des Unterrichts ist es, dass m\u00f6glichst viele &hellip; <\/p>\n<p class=\"link-more\"><a href=\"https:\/\/grundschule-zell.eu\/online\/schulschwimmen\/\" class=\"more-link\"><span class=\"screen-reader-text\">\u201eSchulschwimmen\u201c<\/span> weiterlesen<\/a><\/p>\n","protected":false},"author":1,"featured_media":0,"parent":0,"menu_order":0,"comment_status":"closed","ping_status":"closed","template":"","meta":{"footnotes":""},"class_list":["post-174","page","type-page","status-publish","hentry"],"jetpack_sharing_enabled":true,"_links":{"self":[{"href":"https:\/\/grundschule-zell.eu\/online\/wp-json\/wp\/v2\/pages\/174","targetHints":{"allow":["GET"]}}],"collection":[{"href":"https:\/\/grundschule-zell.eu\/online\/wp-json\/wp\/v2\/pages"}],"about":[{"href":"https:\/\/grundschule-zell.eu\/online\/wp-json\/wp\/v2\/types\/page"}],"author":[{"embeddable":true,"href":"https:\/\/grundschule-zell.eu\/online\/wp-json\/wp\/v2\/users\/1"}],"replies":[{"embeddable":true,"href":"https:\/\/grundschule-zell.eu\/online\/wp-json\/wp\/v2\/comments?post=174"}],"version-history":[{"count":2,"href":"https:\/\/grundschule-zell.eu\/online\/wp-json\/wp\/v2\/pages\/174\/revisions"}],"predecessor-version":[{"id":316,"href":"https:\/\/grundschule-zell.eu\/online\/wp-json\/wp\/v2\/pages\/174\/revisions\/316"}],"wp:attachment":[{"href":"https:\/\/grundschule-zell.eu\/online\/wp-json\/wp\/v2\/media?parent=174"}],"curies":[{"name":"wp","href":"https:\/\/api.w.org\/{rel}","templated":true}]}}