{"id":155,"date":"2018-12-11T17:22:03","date_gmt":"2018-12-11T16:22:03","guid":{"rendered":"http:\/\/grundschule-zell.eu\/online\/?page_id=155"},"modified":"2019-03-12T12:06:07","modified_gmt":"2019-03-12T11:06:07","slug":"boos-zu-waldeck","status":"publish","type":"page","link":"https:\/\/grundschule-zell.eu\/online\/boos-zu-waldeck\/","title":{"rendered":"BOOS ZU WALDECK"},"content":{"rendered":"\n<p><strong> \u2013 eine Kaimter Adelsfamilie im Mittelalter und der Neuzeit<\/strong><\/p>\n\n\n\n<p>Die Ahnenreihe derer von Boos zu Waldeck reicht bis zu\nArnulf, einem fr\u00e4nkischen Hausmeier der Karolinger 841 zur\u00fcck. Im 13. Jrhd.\nerwarb die Familie die Liegenschaften im Unteren Baybachtal bei Kastellaun und\nerrichtete 1250 die untere Burg Waldeck. Durch Einheirat des Johann IV. Boos zu\nWaldeck mit Else von Montfort um 1370 nannte sich das Geschlecht fortan von\nWaldeck und Montfort.<\/p>\n\n\n\n<p>Durch Einheirat der Juliana Barbara Boos de Waldeck mit\neinem Mitglied des bekannten Kaimter Adelsgeschlechtes derer von Waldecker,\nPhillip Karl, kamen die Familien in Kaimt zusammen. Durch Aussterben der\nm\u00e4nnlichen Waldecker Linie, erbten die Boos von Waldeck alle Liegenschaften,\nImmobilien und beweglichen Besitzt\u00fcmer in Kaimt.<\/p>\n\n\n\n<p>Wenn wir uns die Kaimter Moselfront vor Augen f\u00fchren, w\u00e4re\ndies von links nach rechts: der Wadgassener Hof, der Waldecker Hof, Haus\nBarzen, Haus Treis und weiter rechts das alte Rathaus sowie die 1935\nabgebrannte Schule. <\/p>\n\n\n\n<p>Das hei\u00dft, die Waldecker, bzw. Boos zu Waldeck besa\u00dfen alle\nH\u00e4user am Kaimter Moselufer.<\/p>\n\n\n\n<p>Heute ist nur noch das Herrenhaus der Boos zu Waldeck, das\n1620 errichtet und sicherlich zu den sch\u00f6nsten Fachwerkh\u00e4usern der Mosel z\u00e4hlt,\n\u00fcbrig. Es befindet sich schon lange im Familienbesitz der Familie Treis, vorher\nin dem ihrer Verwandten Reineri, die Hof- und Gutsverwalter derer von Boos zu\nWaldeck waren.<\/p>\n\n\n\n<p>Boos zu Waldeck besa\u00dfen neben dem Kaimter H\u00e4usern in der\nRegion mehr als 40.000 Weinst\u00f6cke.<\/p>\n\n\n\n<p>Ein Wilhelm Lothar Josef Baron zu Waldeck&nbsp; war von 1740-1762 Amtmann (B\u00fcrgermeister) in\nZell, ein Ludwig Josef Wilhelm Baron Boos zu Waldeck von 1762-1793 (Aufl\u00f6sung\ndes Trierer Kurf\u00fcrstenstaates) Oberamtmann zu Zell. <\/p>\n\n\n\n<p>Die Linie Boos zu Waldeck lebt heute noch in Nieder\u00f6sterreich,\nnachdem ihre Schl\u00f6sser in B\u00f6hmen nach 1945 vom Staat CSR konfisziert und die\nFamilie wie alle Adeligen des Landes verwiesen wurden.<\/p>\n\n\n\n<p>Das Geschlecht der Boos zu Waldeck besa\u00df Burgen und\nSchl\u00f6sser im Hunsr\u00fcck, in der Pfalz, in Bendorf-Sayn, in Ochtenburg, Gondorf,\nDieblich, Koblenz und in B\u00f6hmen.<\/p>\n\n\n\n<p>Die Verdienste derer von Boos zu Waldeck in Kaimt und Zell\nsind nicht hoch genug einzusch\u00e4tzen. Ganz besonders hervorzuheben ist, dass die\nFamilie das Kaimter Rathaus im 17. Jahrhundert der Kommune als \u00f6ffentliche\nVolksschule zur Verf\u00fcgung stellte. Dies ist einer der Gr\u00fcnde, die den Verfasser\ndieses Artikels dazu bewegten, die vor 5 Jahren bezogene Grundschule, die sich\nin direkter Linie zu der o.a. Moselfrontansicht Kaimts linker Hand befindet,\nmit dem Namen ,,Boos zu Waldeck Grundschule\u201c vorzuschlagen.<\/p>\n\n\n\n<p>Bullay, 25.02.2005<\/p>\n\n\n\n<p>Franz Piacenza, ehemaliger Konrektor GS Zell<\/p>\n","protected":false},"excerpt":{"rendered":"<p>\u2013 eine Kaimter Adelsfamilie im Mittelalter und der Neuzeit Die Ahnenreihe derer von Boos zu Waldeck reicht bis zu Arnulf, einem fr\u00e4nkischen Hausmeier der Karolinger 841 zur\u00fcck. Im 13. Jrhd. erwarb die Familie die Liegenschaften im Unteren Baybachtal bei Kastellaun und errichtete 1250 die untere Burg Waldeck. Durch Einheirat des Johann IV. Boos zu Waldeck &hellip; <\/p>\n<p class=\"link-more\"><a href=\"https:\/\/grundschule-zell.eu\/online\/boos-zu-waldeck\/\" class=\"more-link\"><span class=\"screen-reader-text\">\u201eBOOS ZU WALDECK\u201c<\/span> weiterlesen<\/a><\/p>\n","protected":false},"author":1,"featured_media":0,"parent":0,"menu_order":0,"comment_status":"closed","ping_status":"closed","template":"","meta":{"footnotes":""},"class_list":["post-155","page","type-page","status-publish","hentry"],"jetpack_sharing_enabled":true,"_links":{"self":[{"href":"https:\/\/grundschule-zell.eu\/online\/wp-json\/wp\/v2\/pages\/155","targetHints":{"allow":["GET"]}}],"collection":[{"href":"https:\/\/grundschule-zell.eu\/online\/wp-json\/wp\/v2\/pages"}],"about":[{"href":"https:\/\/grundschule-zell.eu\/online\/wp-json\/wp\/v2\/types\/page"}],"author":[{"embeddable":true,"href":"https:\/\/grundschule-zell.eu\/online\/wp-json\/wp\/v2\/users\/1"}],"replies":[{"embeddable":true,"href":"https:\/\/grundschule-zell.eu\/online\/wp-json\/wp\/v2\/comments?post=155"}],"version-history":[{"count":3,"href":"https:\/\/grundschule-zell.eu\/online\/wp-json\/wp\/v2\/pages\/155\/revisions"}],"predecessor-version":[{"id":298,"href":"https:\/\/grundschule-zell.eu\/online\/wp-json\/wp\/v2\/pages\/155\/revisions\/298"}],"wp:attachment":[{"href":"https:\/\/grundschule-zell.eu\/online\/wp-json\/wp\/v2\/media?parent=155"}],"curies":[{"name":"wp","href":"https:\/\/api.w.org\/{rel}","templated":true}]}}