{"id":1511,"date":"2024-05-31T22:01:39","date_gmt":"2024-05-31T20:01:39","guid":{"rendered":"http:\/\/grundschule-zell.eu\/online\/?page_id=1511"},"modified":"2024-05-31T22:01:39","modified_gmt":"2024-05-31T20:01:39","slug":"schulhund-floci","status":"publish","type":"page","link":"https:\/\/grundschule-zell.eu\/online\/schulhund-floci\/","title":{"rendered":"Schulhund &#8222;Floci&#8220;"},"content":{"rendered":"\n<figure class=\"wp-block-image size-large\"><img loading=\"lazy\" decoding=\"async\" width=\"1024\" height=\"768\" src=\"http:\/\/grundschule-zell.eu\/online\/wp-content\/uploads\/2024\/05\/WhatsApp-Image-2024-05-06-at-18.35.27-1024x768.jpeg\" alt=\"\" class=\"wp-image-1512\" srcset=\"https:\/\/grundschule-zell.eu\/online\/wp-content\/uploads\/2024\/05\/WhatsApp-Image-2024-05-06-at-18.35.27-1024x768.jpeg 1024w, https:\/\/grundschule-zell.eu\/online\/wp-content\/uploads\/2024\/05\/WhatsApp-Image-2024-05-06-at-18.35.27-300x225.jpeg 300w, https:\/\/grundschule-zell.eu\/online\/wp-content\/uploads\/2024\/05\/WhatsApp-Image-2024-05-06-at-18.35.27-768x576.jpeg 768w, https:\/\/grundschule-zell.eu\/online\/wp-content\/uploads\/2024\/05\/WhatsApp-Image-2024-05-06-at-18.35.27-1536x1152.jpeg 1536w, https:\/\/grundschule-zell.eu\/online\/wp-content\/uploads\/2024\/05\/WhatsApp-Image-2024-05-06-at-18.35.27.jpeg 2048w\" sizes=\"auto, (max-width: 767px) 89vw, (max-width: 1000px) 54vw, (max-width: 1071px) 543px, 580px\" \/><\/figure>\n\n\n\n<p>Liebe\u00a0Eltern\u00a0und Erziehungsberechtigte,<\/p>\n\n\n\n<p>ich&nbsp;freue mich,&nbsp;Ihnen&nbsp;mitteilen&nbsp;zu&nbsp;d\u00fcrfen, dass&nbsp;wir&nbsp;einen&nbsp;Schulhund&nbsp;an&nbsp;unserer&nbsp;Schule einf\u00fchren werden.<\/p>\n\n\n\n<p>Sein&nbsp;Name&nbsp;ist&nbsp;Floci.&nbsp;Er ist&nbsp;ein&nbsp;Nova&nbsp;Scotia Duck&nbsp;Tolling&nbsp;Retriever&#8220;&nbsp;und&nbsp;wurde am&nbsp;22.12.2023&nbsp;geboren.<\/p>\n\n\n\n<p>Mitte&nbsp;April&nbsp;wird er&nbsp;im&nbsp;Alter&nbsp;Von 18&nbsp;Wochen&nbsp;,eingeschult&#8220;.<\/p>\n\n\n\n<p>Das\u00a0bedeutet, dass er\u00a0mich\u00a0vorerst\u00a01-2 Tagen\u00a0in\u00a0den Unterricht begleiten wird. Floci ist zun\u00e4chst nur phasenweise, individuell\u00a0angepasst an\u00a0seine\u00a0M\u00f6glichkeiten und\u00a0Bed\u00fcrfnisse\u00a0in\u00a0den Klassen dabei.<\/p>\n\n\n\n<p>Im\u00a0Laufe\u00a0des n\u00e4chsten Schuljahres werden\u00a0Floci und ich\u00a0die\u00a0Ausbildung zum Schulhund absolvieren.\u00a0Bis\u00a0dahin werden\u00a0wir\u00a0regelm\u00e4\u00dfig\u00a0die\u00a0Hundeschule\u00a0besuchen.<\/p>\n\n\n\n<p>Ein Schulhund kann eine Vielzahl von positiven Auswirkungen auf den Schulaltag\u00a0haben. Er\u00a0f\u00f6rdert nicht nur das soziale\u00a0und\u00a0emotionale Wohlbefinden der\u00a0Kinder, sondern kann auch zur St\u00e4rkung des Verantwortungsbewusstseins und des\u00a0Respekts gegen\u00fcber\u00a0Tieren beitragen. Dar\u00fcber hinaus kann der Hund als motivierender Faktor dienen und den Lernprozess unterst\u00fctzen, indem er eine\u00a0entspannte\u00a0und freundliche Atmosph\u00e4re\u00a0im\u00a0Klassenzimmer schafft.<\/p>\n\n\n\n<p>lch\u00a0m\u00f6chte darauf hinweisen, dass der Einsatz des Schulhundes sorgf\u00e4ltig geplant und umgesetzt wird. Erwirdsointegriert werden,dassdieSicherheitsowiedas\u00a0Wohlbefinden aller Sch\u00fclerinnen und Sch\u00fcler gew\u00e4hrleistet sind. Es ist uns wichtig, dass\u00a0sich alle Kinder und Eltern wohl und sicher f\u00fchlen. Nat\u00fcrlich muss sich auch\u00a0Floci wohl f\u00fchlen. Hierf\u00fcr bekommt er von mir eine kleine Wohlf\u00fchloase\u00a0in\u00a0meinem F\u00f6rderraum eingerichtet.<\/p>\n\n\n\n<p>Wichtig w\u00e4re noch zu erw\u00e4hnen,\u00a0dass\u00a0Floci \u00fcber mich Haftpflicht versichert ist und das ganze Projekt in Absprache mit der ADD und dem Schultr\u00e4ger laufen\u00a0wird.<\/p>\n\n\n\n<p>Falls Sie noch Fragen bez\u00fcglich\u00a0des\u00a0Einsatzes\u00a0eines\u00a0Schulhundes haben,\u00a0stehe\u00a0ich\u00a0Ihnen gerne zur\u00a0Verf\u00fcgung. Bitte z\u00f6gern Sie nicht, sich mit mir in Verbindung zu\u00a0setzen, entweder pers\u00f6nlich, telefonisch oder per\u00a0E-Mail\u00a0(sandra.gutiahr@gszell-bildung.rp).<\/p>\n\n\n\n<p>Ich\u00a0m\u00f6chte sicherstellen, dass\u00a0alle Ihre\u00a0Anliegen geh\u00f6rt\u00a0und beantwortet werden,<\/p>\n\n\n\n<p>Mit\u00a0freundlichen Gr\u00fc\u00dfen,<\/p>\n\n\n\n<p>Sandra Gutjahr<\/p>\n","protected":false},"excerpt":{"rendered":"<p>Liebe\u00a0Eltern\u00a0und Erziehungsberechtigte, ich&nbsp;freue mich,&nbsp;Ihnen&nbsp;mitteilen&nbsp;zu&nbsp;d\u00fcrfen, dass&nbsp;wir&nbsp;einen&nbsp;Schulhund&nbsp;an&nbsp;unserer&nbsp;Schule einf\u00fchren werden. Sein&nbsp;Name&nbsp;ist&nbsp;Floci.&nbsp;Er ist&nbsp;ein&nbsp;Nova&nbsp;Scotia Duck&nbsp;Tolling&nbsp;Retriever&#8220;&nbsp;und&nbsp;wurde am&nbsp;22.12.2023&nbsp;geboren. Mitte&nbsp;April&nbsp;wird er&nbsp;im&nbsp;Alter&nbsp;Von 18&nbsp;Wochen&nbsp;,eingeschult&#8220;. Das\u00a0bedeutet, dass er\u00a0mich\u00a0vorerst\u00a01-2 Tagen\u00a0in\u00a0den Unterricht begleiten wird. Floci ist zun\u00e4chst nur phasenweise, individuell\u00a0angepasst an\u00a0seine\u00a0M\u00f6glichkeiten und\u00a0Bed\u00fcrfnisse\u00a0in\u00a0den Klassen dabei. Im\u00a0Laufe\u00a0des n\u00e4chsten Schuljahres werden\u00a0Floci und ich\u00a0die\u00a0Ausbildung zum Schulhund absolvieren.\u00a0Bis\u00a0dahin werden\u00a0wir\u00a0regelm\u00e4\u00dfig\u00a0die\u00a0Hundeschule\u00a0besuchen. Ein Schulhund kann eine Vielzahl von positiven Auswirkungen auf den Schulaltag\u00a0haben. Er\u00a0f\u00f6rdert nicht nur &hellip; <\/p>\n<p class=\"link-more\"><a href=\"https:\/\/grundschule-zell.eu\/online\/schulhund-floci\/\" class=\"more-link\"><span class=\"screen-reader-text\">\u201eSchulhund &#8222;Floci&#8220;\u201c<\/span> weiterlesen<\/a><\/p>\n","protected":false},"author":1,"featured_media":0,"parent":0,"menu_order":0,"comment_status":"closed","ping_status":"closed","template":"","meta":{"footnotes":""},"class_list":["post-1511","page","type-page","status-publish","hentry"],"jetpack_sharing_enabled":true,"_links":{"self":[{"href":"https:\/\/grundschule-zell.eu\/online\/wp-json\/wp\/v2\/pages\/1511","targetHints":{"allow":["GET"]}}],"collection":[{"href":"https:\/\/grundschule-zell.eu\/online\/wp-json\/wp\/v2\/pages"}],"about":[{"href":"https:\/\/grundschule-zell.eu\/online\/wp-json\/wp\/v2\/types\/page"}],"author":[{"embeddable":true,"href":"https:\/\/grundschule-zell.eu\/online\/wp-json\/wp\/v2\/users\/1"}],"replies":[{"embeddable":true,"href":"https:\/\/grundschule-zell.eu\/online\/wp-json\/wp\/v2\/comments?post=1511"}],"version-history":[{"count":1,"href":"https:\/\/grundschule-zell.eu\/online\/wp-json\/wp\/v2\/pages\/1511\/revisions"}],"predecessor-version":[{"id":1513,"href":"https:\/\/grundschule-zell.eu\/online\/wp-json\/wp\/v2\/pages\/1511\/revisions\/1513"}],"wp:attachment":[{"href":"https:\/\/grundschule-zell.eu\/online\/wp-json\/wp\/v2\/media?parent=1511"}],"curies":[{"name":"wp","href":"https:\/\/api.w.org\/{rel}","templated":true}]}}