{"id":880,"date":"2021-04-10T17:55:51","date_gmt":"2021-04-10T15:55:51","guid":{"rendered":"http:\/\/grundschule-zell.eu\/online\/?page_id=880"},"modified":"2021-04-23T10:32:00","modified_gmt":"2021-04-23T08:32:00","slug":"corona-schnelltest","status":"publish","type":"page","link":"http:\/\/grundschule-zell.eu\/online\/corona-schnelltest\/","title":{"rendered":"Corona Schnelltest"},"content":{"rendered":"\n<figure class=\"wp-block-gallery columns-4 is-cropped wp-block-gallery-1 is-layout-flex wp-block-gallery-is-layout-flex\"><ul class=\"blocks-gallery-grid\"><li class=\"blocks-gallery-item\"><figure><a href=\"http:\/\/grundschule-zell.eu\/online\/wp-content\/uploads\/2021\/04\/Schnelltest-Tag1_1.jpg\"><img loading=\"lazy\" decoding=\"async\" width=\"1024\" height=\"768\" src=\"http:\/\/grundschule-zell.eu\/online\/wp-content\/uploads\/2021\/04\/Schnelltest-Tag1_1-1024x768.jpg\" alt=\"\" data-id=\"906\" data-full-url=\"http:\/\/grundschule-zell.eu\/online\/wp-content\/uploads\/2021\/04\/Schnelltest-Tag1_1.jpg\" data-link=\"http:\/\/grundschule-zell.eu\/online\/schnelltest-tag1_1\/\" class=\"wp-image-906\" srcset=\"http:\/\/grundschule-zell.eu\/online\/wp-content\/uploads\/2021\/04\/Schnelltest-Tag1_1-1024x768.jpg 1024w, http:\/\/grundschule-zell.eu\/online\/wp-content\/uploads\/2021\/04\/Schnelltest-Tag1_1-300x225.jpg 300w, http:\/\/grundschule-zell.eu\/online\/wp-content\/uploads\/2021\/04\/Schnelltest-Tag1_1-768x576.jpg 768w, http:\/\/grundschule-zell.eu\/online\/wp-content\/uploads\/2021\/04\/Schnelltest-Tag1_1-1536x1152.jpg 1536w, http:\/\/grundschule-zell.eu\/online\/wp-content\/uploads\/2021\/04\/Schnelltest-Tag1_1.jpg 1958w\" sizes=\"auto, (max-width: 767px) 89vw, (max-width: 1000px) 54vw, (max-width: 1071px) 543px, 580px\" \/><\/a><\/figure><\/li><li class=\"blocks-gallery-item\"><figure><a href=\"http:\/\/grundschule-zell.eu\/online\/wp-content\/uploads\/2021\/04\/Schnelltest-Tag1_2.jpg\"><img loading=\"lazy\" decoding=\"async\" width=\"1024\" height=\"768\" src=\"http:\/\/grundschule-zell.eu\/online\/wp-content\/uploads\/2021\/04\/Schnelltest-Tag1_2-1024x768.jpg\" alt=\"\" data-id=\"907\" data-full-url=\"http:\/\/grundschule-zell.eu\/online\/wp-content\/uploads\/2021\/04\/Schnelltest-Tag1_2.jpg\" data-link=\"http:\/\/grundschule-zell.eu\/online\/schnelltest-tag1_2\/\" class=\"wp-image-907\" srcset=\"http:\/\/grundschule-zell.eu\/online\/wp-content\/uploads\/2021\/04\/Schnelltest-Tag1_2-1024x768.jpg 1024w, http:\/\/grundschule-zell.eu\/online\/wp-content\/uploads\/2021\/04\/Schnelltest-Tag1_2-300x225.jpg 300w, http:\/\/grundschule-zell.eu\/online\/wp-content\/uploads\/2021\/04\/Schnelltest-Tag1_2-768x576.jpg 768w, http:\/\/grundschule-zell.eu\/online\/wp-content\/uploads\/2021\/04\/Schnelltest-Tag1_2-1536x1152.jpg 1536w, http:\/\/grundschule-zell.eu\/online\/wp-content\/uploads\/2021\/04\/Schnelltest-Tag1_2.jpg 1958w\" sizes=\"auto, (max-width: 767px) 89vw, (max-width: 1000px) 54vw, (max-width: 1071px) 543px, 580px\" \/><\/a><\/figure><\/li><li class=\"blocks-gallery-item\"><figure><a href=\"http:\/\/grundschule-zell.eu\/online\/wp-content\/uploads\/2021\/04\/Schnelltest-Tag1_3.jpg\"><img loading=\"lazy\" decoding=\"async\" width=\"768\" height=\"1024\" src=\"http:\/\/grundschule-zell.eu\/online\/wp-content\/uploads\/2021\/04\/Schnelltest-Tag1_3-768x1024.jpg\" alt=\"\" data-id=\"908\" data-full-url=\"http:\/\/grundschule-zell.eu\/online\/wp-content\/uploads\/2021\/04\/Schnelltest-Tag1_3.jpg\" data-link=\"http:\/\/grundschule-zell.eu\/online\/schnelltest-tag1_3\/\" class=\"wp-image-908\" srcset=\"http:\/\/grundschule-zell.eu\/online\/wp-content\/uploads\/2021\/04\/Schnelltest-Tag1_3-768x1024.jpg 768w, http:\/\/grundschule-zell.eu\/online\/wp-content\/uploads\/2021\/04\/Schnelltest-Tag1_3-225x300.jpg 225w, http:\/\/grundschule-zell.eu\/online\/wp-content\/uploads\/2021\/04\/Schnelltest-Tag1_3-1152x1536.jpg 1152w, http:\/\/grundschule-zell.eu\/online\/wp-content\/uploads\/2021\/04\/Schnelltest-Tag1_3.jpg 1469w\" sizes=\"auto, (max-width: 767px) 89vw, (max-width: 1000px) 54vw, (max-width: 1071px) 543px, 580px\" \/><\/a><\/figure><\/li><li class=\"blocks-gallery-item\"><figure><a href=\"http:\/\/grundschule-zell.eu\/online\/wp-content\/uploads\/2021\/04\/Schnelltest-Tag1_4.jpg\"><img loading=\"lazy\" decoding=\"async\" width=\"1024\" height=\"768\" src=\"http:\/\/grundschule-zell.eu\/online\/wp-content\/uploads\/2021\/04\/Schnelltest-Tag1_4-1024x768.jpg\" alt=\"\" data-id=\"909\" data-full-url=\"http:\/\/grundschule-zell.eu\/online\/wp-content\/uploads\/2021\/04\/Schnelltest-Tag1_4.jpg\" data-link=\"http:\/\/grundschule-zell.eu\/online\/schnelltest-tag1_4\/\" class=\"wp-image-909\" srcset=\"http:\/\/grundschule-zell.eu\/online\/wp-content\/uploads\/2021\/04\/Schnelltest-Tag1_4-1024x768.jpg 1024w, http:\/\/grundschule-zell.eu\/online\/wp-content\/uploads\/2021\/04\/Schnelltest-Tag1_4-300x225.jpg 300w, http:\/\/grundschule-zell.eu\/online\/wp-content\/uploads\/2021\/04\/Schnelltest-Tag1_4-768x576.jpg 768w, http:\/\/grundschule-zell.eu\/online\/wp-content\/uploads\/2021\/04\/Schnelltest-Tag1_4-1536x1152.jpg 1536w, http:\/\/grundschule-zell.eu\/online\/wp-content\/uploads\/2021\/04\/Schnelltest-Tag1_4.jpg 1958w\" sizes=\"auto, (max-width: 767px) 89vw, (max-width: 1000px) 54vw, (max-width: 1071px) 543px, 580px\" \/><\/a><\/figure><\/li><li class=\"blocks-gallery-item\"><figure><a href=\"http:\/\/grundschule-zell.eu\/online\/wp-content\/uploads\/2021\/04\/Schnelltest-Tag1_5.jpg\"><img loading=\"lazy\" decoding=\"async\" width=\"1024\" height=\"768\" src=\"http:\/\/grundschule-zell.eu\/online\/wp-content\/uploads\/2021\/04\/Schnelltest-Tag1_5-1024x768.jpg\" alt=\"\" data-id=\"910\" data-full-url=\"http:\/\/grundschule-zell.eu\/online\/wp-content\/uploads\/2021\/04\/Schnelltest-Tag1_5.jpg\" data-link=\"http:\/\/grundschule-zell.eu\/online\/schnelltest-tag1_5\/\" class=\"wp-image-910\" srcset=\"http:\/\/grundschule-zell.eu\/online\/wp-content\/uploads\/2021\/04\/Schnelltest-Tag1_5-1024x768.jpg 1024w, http:\/\/grundschule-zell.eu\/online\/wp-content\/uploads\/2021\/04\/Schnelltest-Tag1_5-300x225.jpg 300w, http:\/\/grundschule-zell.eu\/online\/wp-content\/uploads\/2021\/04\/Schnelltest-Tag1_5-768x576.jpg 768w, http:\/\/grundschule-zell.eu\/online\/wp-content\/uploads\/2021\/04\/Schnelltest-Tag1_5-1536x1152.jpg 1536w, http:\/\/grundschule-zell.eu\/online\/wp-content\/uploads\/2021\/04\/Schnelltest-Tag1_5.jpg 1958w\" sizes=\"auto, (max-width: 767px) 89vw, (max-width: 1000px) 54vw, (max-width: 1071px) 543px, 580px\" \/><\/a><\/figure><\/li><li class=\"blocks-gallery-item\"><figure><a href=\"http:\/\/grundschule-zell.eu\/online\/wp-content\/uploads\/2021\/04\/Schnelltest-Tag1_6.jpg\"><img loading=\"lazy\" decoding=\"async\" width=\"1024\" height=\"768\" src=\"http:\/\/grundschule-zell.eu\/online\/wp-content\/uploads\/2021\/04\/Schnelltest-Tag1_6-1024x768.jpg\" alt=\"\" data-id=\"911\" data-full-url=\"http:\/\/grundschule-zell.eu\/online\/wp-content\/uploads\/2021\/04\/Schnelltest-Tag1_6.jpg\" data-link=\"http:\/\/grundschule-zell.eu\/online\/schnelltest-tag1_6\/\" class=\"wp-image-911\" srcset=\"http:\/\/grundschule-zell.eu\/online\/wp-content\/uploads\/2021\/04\/Schnelltest-Tag1_6-1024x768.jpg 1024w, http:\/\/grundschule-zell.eu\/online\/wp-content\/uploads\/2021\/04\/Schnelltest-Tag1_6-300x225.jpg 300w, http:\/\/grundschule-zell.eu\/online\/wp-content\/uploads\/2021\/04\/Schnelltest-Tag1_6-768x576.jpg 768w, http:\/\/grundschule-zell.eu\/online\/wp-content\/uploads\/2021\/04\/Schnelltest-Tag1_6-1536x1152.jpg 1536w, http:\/\/grundschule-zell.eu\/online\/wp-content\/uploads\/2021\/04\/Schnelltest-Tag1_6.jpg 1958w\" sizes=\"auto, (max-width: 767px) 89vw, (max-width: 1000px) 54vw, (max-width: 1071px) 543px, 580px\" \/><\/a><\/figure><\/li><li class=\"blocks-gallery-item\"><figure><a href=\"http:\/\/grundschule-zell.eu\/online\/wp-content\/uploads\/2021\/04\/Schnelltest-Tag1_7.jpg\"><img loading=\"lazy\" decoding=\"async\" width=\"1024\" height=\"768\" src=\"http:\/\/grundschule-zell.eu\/online\/wp-content\/uploads\/2021\/04\/Schnelltest-Tag1_7-1024x768.jpg\" alt=\"\" data-id=\"912\" data-full-url=\"http:\/\/grundschule-zell.eu\/online\/wp-content\/uploads\/2021\/04\/Schnelltest-Tag1_7.jpg\" data-link=\"http:\/\/grundschule-zell.eu\/online\/schnelltest-tag1_7\/\" class=\"wp-image-912\" srcset=\"http:\/\/grundschule-zell.eu\/online\/wp-content\/uploads\/2021\/04\/Schnelltest-Tag1_7-1024x768.jpg 1024w, http:\/\/grundschule-zell.eu\/online\/wp-content\/uploads\/2021\/04\/Schnelltest-Tag1_7-300x225.jpg 300w, http:\/\/grundschule-zell.eu\/online\/wp-content\/uploads\/2021\/04\/Schnelltest-Tag1_7-768x576.jpg 768w, http:\/\/grundschule-zell.eu\/online\/wp-content\/uploads\/2021\/04\/Schnelltest-Tag1_7-1536x1152.jpg 1536w, http:\/\/grundschule-zell.eu\/online\/wp-content\/uploads\/2021\/04\/Schnelltest-Tag1_7.jpg 1958w\" sizes=\"auto, (max-width: 767px) 89vw, (max-width: 1000px) 54vw, (max-width: 1071px) 543px, 580px\" \/><\/a><\/figure><\/li><\/ul><figcaption class=\"blocks-gallery-caption\">Erste Eindr\u00fccke vom Corona-Schnelltest in unserer Schule. Danke an die vielen Helferinnen <br>und an Frau Dr. H\u00fcckst\u00e4dt f\u00fcr die Unterst\u00fctzung.<\/figcaption><\/figure>\n\n\n\n<p><\/p>\n\n\n\n<p class=\"has-vivid-green-cyan-background-color has-background\">Elternbrief zur Testpflicht <em>(Stand 23.04.2021)<\/em><\/p>\n\n\n\n<figure class=\"wp-block-video\"><video controls src=\"http:\/\/grundschule-zell.eu\/online\/wp-content\/uploads\/2021\/04\/SARS-CoV-2-Rapid-Antigen-Test-Nasal-Grundschule-Klein.mov\"><\/video><figcaption>Infovideo zum &#8222;SARS-CoV-2 Rapid Antigen Test Nasal&#8220; an Grundschulen<\/figcaption><\/figure>\n\n\n\n<figure class=\"wp-block-embed is-type-video is-provider-youtube wp-block-embed-youtube wp-embed-aspect-16-9 wp-has-aspect-ratio\"><div class=\"wp-block-embed__wrapper\">\n<iframe loading=\"lazy\" title=\"Torben erkl\u00e4rt den Coronatest\" width=\"525\" height=\"295\" src=\"https:\/\/www.youtube.com\/embed\/xi3KGcbcywc?feature=oembed\" frameborder=\"0\" allow=\"accelerometer; autoplay; clipboard-write; encrypted-media; gyroscope; picture-in-picture; web-share\" referrerpolicy=\"strict-origin-when-cross-origin\" allowfullscreen><\/iframe>\n<\/div><figcaption>Torben erkl\u00e4rt den Coronatest &#8211; Video Schulbeh\u00f6rde Hamburg<\/figcaption><\/figure>\n","protected":false},"excerpt":{"rendered":"<p>Elternbrief zur Testpflicht (Stand 23.04.2021)<\/p>\n","protected":false},"author":1,"featured_media":0,"parent":0,"menu_order":0,"comment_status":"closed","ping_status":"closed","template":"","meta":{"footnotes":""},"class_list":["post-880","page","type-page","status-publish","hentry"],"jetpack_sharing_enabled":true,"_links":{"self":[{"href":"http:\/\/grundschule-zell.eu\/online\/wp-json\/wp\/v2\/pages\/880","targetHints":{"allow":["GET"]}}],"collection":[{"href":"http:\/\/grundschule-zell.eu\/online\/wp-json\/wp\/v2\/pages"}],"about":[{"href":"http:\/\/grundschule-zell.eu\/online\/wp-json\/wp\/v2\/types\/page"}],"author":[{"embeddable":true,"href":"http:\/\/grundschule-zell.eu\/online\/wp-json\/wp\/v2\/users\/1"}],"replies":[{"embeddable":true,"href":"http:\/\/grundschule-zell.eu\/online\/wp-json\/wp\/v2\/comments?post=880"}],"version-history":[{"count":16,"href":"http:\/\/grundschule-zell.eu\/online\/wp-json\/wp\/v2\/pages\/880\/revisions"}],"predecessor-version":[{"id":933,"href":"http:\/\/grundschule-zell.eu\/online\/wp-json\/wp\/v2\/pages\/880\/revisions\/933"}],"wp:attachment":[{"href":"http:\/\/grundschule-zell.eu\/online\/wp-json\/wp\/v2\/media?parent=880"}],"curies":[{"name":"wp","href":"https:\/\/api.w.org\/{rel}","templated":true}]}}