{"id":737,"date":"2020-11-20T14:20:53","date_gmt":"2020-11-20T13:20:53","guid":{"rendered":"http:\/\/grundschule-zell.eu\/online\/?page_id=737"},"modified":"2020-11-20T14:20:53","modified_gmt":"2020-11-20T13:20:53","slug":"weihnachtskarten-fuer-einen-guten-zweck","status":"publish","type":"page","link":"http:\/\/grundschule-zell.eu\/online\/weihnachtskarten-fuer-einen-guten-zweck\/","title":{"rendered":"Weihnachtskarten f\u00fcr einen guten Zweck"},"content":{"rendered":"\n<p>Liebe Eltern,<\/p>\n\n\n\n<p>das Jahr 2020 ist durch Corona zu einem ganz besonderen Jahr geworden. Quarant\u00e4nen, Ausgangssperren, geschlossene Grenzen, Chaos in der Berufswelt, teilweise Lahmlegung des \u00f6ffentlichen Lebens und damit verbunden: \u00c4ngste um die Existenz, die Gesundheit, die Familie.<\/p>\n\n\n\n<p>Es ist aber auch eine Zeit, die besonnen macht und uns \u00fcber die wirklich wichtigen Dinge im Leben nachdenken l\u00e4sst: Familie, Freunde, einmal zur Ruhe kommen, Kraft sch\u00f6pfen und sich Zeit nehmen. Leider ist dies nicht f\u00fcr alle m\u00f6glich, denn einige m\u00fcssen um ihre Existenz als Firma\/Unternehmen und Familie bangen.<\/p>\n\n\n\n<p>Da nun die Zeit von St. Martin und Weihnachten ist und dies auch jedes Jahr bedeutet, dass wir uns Gedanken um die Menschen machen, denen es nicht so gut geht, wie uns, haben sich die Sch\u00fcler der Grundschule Zell, mit Unterst\u00fctzung der Klasse 2a der Grundschule Beltheim und des ALS-Verlages, folgendes \u00fcberlegt: <strong>Weihnachtskarten f\u00fcr einen guten Zweck.<\/strong><\/p>\n\n\n\n<p>Wir basteln Weihnachtskarten, die dann f\u00fcr 1\u20ac pro St\u00fcck verkauft werden. So k\u00f6nnen schon die Kleinsten mithelfen und im Zeichen von St. Martin Gutes tun. Denn was gibt es momentan sch\u00f6neres, als lieben Menschen ein paar sch\u00f6ne Worte zur Weihnachtszeit zu schreiben.<\/p>\n\n\n\n<p class=\"has-light-green-cyan-background-color has-background\"><strong>Mit dem Erl\u00f6s m\u00f6chten wir den <u>Tier- und Erlebnispark Bell <\/u>unterst\u00fctzen.<\/strong><\/p>\n\n\n\n<div class=\"wp-block-image\"><figure class=\"alignleft size-medium\"><img loading=\"lazy\" decoding=\"async\" width=\"300\" height=\"216\" src=\"http:\/\/grundschule-zell.eu\/online\/wp-content\/uploads\/2020\/11\/Karten2020-300x216.jpg\" alt=\"\" class=\"wp-image-738\" srcset=\"http:\/\/grundschule-zell.eu\/online\/wp-content\/uploads\/2020\/11\/Karten2020-300x216.jpg 300w, http:\/\/grundschule-zell.eu\/online\/wp-content\/uploads\/2020\/11\/Karten2020.jpg 689w\" sizes=\"auto, (max-width: 300px) 100vw, 300px\" \/><\/figure><\/div>\n\n\n\n<p>Sie k\u00f6nnen die Karten <strong>ab dem 01.12.20<\/strong> \u00fcber Ihr Kind bestellen, in dem Sie ins Hausaufgabenheft die gew\u00fcnschte Anzahl an Karten schreiben und Ihrem Kind das Geld mitgeben oder uns direkt \u00fcber die Verwaltungsemail eine Bestellung und einen Abholtermin nennen. Dann bereiten wir alles f\u00fcr Sie vor. Auch k\u00f6nnen die Karten in der Schule direkt gekauft werden. Hierzu stehen diese zu den regul\u00e4ren Schul\u00f6ffnungszeiten mit einem \u201eSpendenschwein\u201c zur Selbstabholung im 1. Obergeschoss im Flur bereit. So k\u00f6nnen Sie ohne gro\u00dfen Kontakt Karten bei uns erwerben. Hier w\u00e4re allerdings ein Wechseln des Geldes nicht m\u00f6glich, daher bitte passend mitbringen (und das \u201eSchweinchen\u201c damit f\u00fcttern). Wenn Sie das Schulgeb\u00e4ude betreten, denken Sie aber bitte an das Ausf\u00fcllen des \u201eBesuchernachweises\u201c.<\/p>\n\n\n\n<p>Wir hoffen darauf, dass Sie uns und Ihre Kinder unterst\u00fctzen und genauso flei\u00dfig Karten kaufen, wie Ihre Kinder Karten basteln und das mit ganz viel Liebe!<\/p>\n\n\n\n<p>Ihre Kinder &amp;<br>Das Grundschulteam<\/p>\n","protected":false},"excerpt":{"rendered":"<p>Liebe Eltern, das Jahr 2020 ist durch Corona zu einem ganz besonderen Jahr geworden. Quarant\u00e4nen, Ausgangssperren, geschlossene Grenzen, Chaos in der Berufswelt, teilweise Lahmlegung des \u00f6ffentlichen Lebens und damit verbunden: \u00c4ngste um die Existenz, die Gesundheit, die Familie. Es ist aber auch eine Zeit, die besonnen macht und uns \u00fcber die wirklich wichtigen Dinge im &hellip; <\/p>\n<p class=\"link-more\"><a href=\"http:\/\/grundschule-zell.eu\/online\/weihnachtskarten-fuer-einen-guten-zweck\/\" class=\"more-link\"><span class=\"screen-reader-text\">\u201eWeihnachtskarten f\u00fcr einen guten Zweck\u201c<\/span> weiterlesen<\/a><\/p>\n","protected":false},"author":1,"featured_media":0,"parent":0,"menu_order":0,"comment_status":"closed","ping_status":"closed","template":"","meta":{"footnotes":""},"class_list":["post-737","page","type-page","status-publish","hentry"],"jetpack_sharing_enabled":true,"_links":{"self":[{"href":"http:\/\/grundschule-zell.eu\/online\/wp-json\/wp\/v2\/pages\/737","targetHints":{"allow":["GET"]}}],"collection":[{"href":"http:\/\/grundschule-zell.eu\/online\/wp-json\/wp\/v2\/pages"}],"about":[{"href":"http:\/\/grundschule-zell.eu\/online\/wp-json\/wp\/v2\/types\/page"}],"author":[{"embeddable":true,"href":"http:\/\/grundschule-zell.eu\/online\/wp-json\/wp\/v2\/users\/1"}],"replies":[{"embeddable":true,"href":"http:\/\/grundschule-zell.eu\/online\/wp-json\/wp\/v2\/comments?post=737"}],"version-history":[{"count":1,"href":"http:\/\/grundschule-zell.eu\/online\/wp-json\/wp\/v2\/pages\/737\/revisions"}],"predecessor-version":[{"id":739,"href":"http:\/\/grundschule-zell.eu\/online\/wp-json\/wp\/v2\/pages\/737\/revisions\/739"}],"wp:attachment":[{"href":"http:\/\/grundschule-zell.eu\/online\/wp-json\/wp\/v2\/media?parent=737"}],"curies":[{"name":"wp","href":"https:\/\/api.w.org\/{rel}","templated":true}]}}